{"id":6526,"date":"2024-08-19T13:39:56","date_gmt":"2024-08-19T11:39:56","guid":{"rendered":"https:\/\/v2.alpenbrevet.ch\/services\/anreise\/"},"modified":"2024-09-10T16:29:55","modified_gmt":"2024-09-10T14:29:55","slug":"getting-there","status":"publish","type":"page","link":"https:\/\/v2.alpenbrevet.ch\/en\/services\/getting-there\/","title":{"rendered":"Getting there"},"content":{"rendered":"<link data-name=\"until-s\" rel=\"preload\" as=\"style\" href=\"https:\/\/v2.alpenbrevet.ch\/wp-content\/uploads\/Alpenbrevet-Anreise-540x960.jpg\" media=\"(max-width: 539px) and (max-height: 303.75px) and (max-resolution: 1.999dppx)\">\n<link data-name=\"until-s@2x\" rel=\"preload\" as=\"style\" href=\"https:\/\/v2.alpenbrevet.ch\/wp-content\/uploads\/Alpenbrevet-Anreise-1080x1920.jpg\" media=\"(max-width: 539px) and (max-height: 303.75px) and (min-resolution: 2dppx)\">\n<link data-name=\"until-sm\" rel=\"preload\" as=\"style\" href=\"https:\/\/v2.alpenbrevet.ch\/wp-content\/uploads\/Alpenbrevet-Anreise-768x1365.jpg\" media=\"(max-width: 767px) and (max-height: 432px) and (max-resolution: 1.999dppx)\">\n<link data-name=\"until-sm@2x\" rel=\"preload\" as=\"style\" href=\"https:\/\/v2.alpenbrevet.ch\/wp-content\/uploads\/Alpenbrevet-Anreise-1536x2730.jpg\" media=\"(max-width: 767px) and (max-height: 432px) and (min-resolution: 2dppx)\">\n<link data-name=\"until-md\" rel=\"preload\" as=\"style\" href=\"https:\/\/v2.alpenbrevet.ch\/wp-content\/uploads\/Alpenbrevet-Anreise-992x558.jpg\" media=\"(max-width: 991px) and (max-height: 558px) and (max-resolution: 1.999dppx)\">\n<link data-name=\"until-md@2x\" rel=\"preload\" as=\"style\" href=\"https:\/\/v2.alpenbrevet.ch\/wp-content\/uploads\/Alpenbrevet-Anreise-1984x1116.jpg\" media=\"(max-width: 991px) and (max-height: 558px) and (min-resolution: 2dppx)\">\n<link data-name=\"until-lg\" rel=\"preload\" as=\"style\" href=\"https:\/\/v2.alpenbrevet.ch\/wp-content\/uploads\/Alpenbrevet-Anreise-1200x675.jpg\" media=\"(max-width: 1199px) and (max-height: 675px) and (max-resolution: 1.999dppx)\">\n<link data-name=\"until-lg@2x\" rel=\"preload\" as=\"style\" href=\"https:\/\/v2.alpenbrevet.ch\/wp-content\/uploads\/Alpenbrevet-Anreise-2400x1350.jpg\" media=\"(max-width: 1199px) and (max-height: 675px) and (min-resolution: 2dppx)\">\n<link data-name=\"until-xl\" rel=\"preload\" as=\"style\" href=\"https:\/\/v2.alpenbrevet.ch\/wp-content\/uploads\/Alpenbrevet-Anreise-1425x802.jpg\" media=\"(max-width: 1424px) and (max-height: 801.5625px) and (max-resolution: 1.999dppx)\">\n<link data-name=\"until-xl@2x\" rel=\"preload\" as=\"style\" href=\"https:\/\/v2.alpenbrevet.ch\/wp-content\/uploads\/Alpenbrevet-Anreise-2850x1604.jpg\" media=\"(max-width: 1424px) and (max-height: 801.5625px) and (min-resolution: 2dppx)\">\n<link data-name=\"full\" rel=\"preload\" as=\"style\" href=\"https:\/\/v2.alpenbrevet.ch\/wp-content\/uploads\/Alpenbrevet-Anreise.jpg\" media=\"(min-width: 1425px)\">\n<div class=\"hero-section hero-is-image hero-align-end hero-size-narrow\" style=\"--hero-image-full: url('https:\/\/v2.alpenbrevet.ch\/wp-content\/uploads\/Alpenbrevet-Anreise.jpg'); --hero-image-aspect-ratio: 1.5005861664713; --hero-image-until-s: url('https:\/\/v2.alpenbrevet.ch\/wp-content\/uploads\/Alpenbrevet-Anreise-540x960.jpg'); --hero-image-until-s-2x: url('https:\/\/v2.alpenbrevet.ch\/wp-content\/uploads\/Alpenbrevet-Anreise-1080x1920.jpg'); --hero-image-until-sm: url('https:\/\/v2.alpenbrevet.ch\/wp-content\/uploads\/Alpenbrevet-Anreise-768x1365.jpg'); --hero-image-until-sm-2x: url('https:\/\/v2.alpenbrevet.ch\/wp-content\/uploads\/Alpenbrevet-Anreise-1536x2730.jpg'); --hero-image-until-md: url('https:\/\/v2.alpenbrevet.ch\/wp-content\/uploads\/Alpenbrevet-Anreise-992x558.jpg'); --hero-image-until-md-2x: url('https:\/\/v2.alpenbrevet.ch\/wp-content\/uploads\/Alpenbrevet-Anreise-1984x1116.jpg'); --hero-image-until-lg: url('https:\/\/v2.alpenbrevet.ch\/wp-content\/uploads\/Alpenbrevet-Anreise-1200x675.jpg'); --hero-image-until-lg-2x: url('https:\/\/v2.alpenbrevet.ch\/wp-content\/uploads\/Alpenbrevet-Anreise-2400x1350.jpg'); --hero-image-until-xl: url('https:\/\/v2.alpenbrevet.ch\/wp-content\/uploads\/Alpenbrevet-Anreise-1425x802.jpg'); --hero-image-until-xl-2x: url('https:\/\/v2.alpenbrevet.ch\/wp-content\/uploads\/Alpenbrevet-Anreise-2850x1604.jpg'); --hero-image-position: 50% 50%\"\n>\n\t<div class=\"hero-media\">\n\t\t<div class=\"hero-media-overlay\"><\/div>\n\t\t<div class=\"hero-content-wrapper\">\n\t\t\t<div class=\"hero-content\">\n\t\t\t\t<h1>Getting there<\/h1>\n\n\t\t\t<\/div>\n\t\t<\/div>\n\t<\/div>\n<\/div><nav class=\"breadcrumb\" aria-label=\"Breadcrumb\">\n\t<ol>\n\t\t<li>\n\t\t\t<a href=\"https:\/\/v2.alpenbrevet.ch\/en\/\" class=\"breadcrumb-link\">Startseite<\/a>\n\t\t<\/li>\n\t\t<li>\n\t\t\t<a href=\"https:\/\/v2.alpenbrevet.ch\/en\/services\/\" class=\"breadcrumb-link\">Services<\/a>\n\t\t<\/li>\n\t\t<li>\n\t\t\t<a href=\"https:\/\/v2.alpenbrevet.ch\/en\/services\/getting-there\/\" class=\"breadcrumb-link\" aria-current=\"page\">Getting there<\/a>\n\t\t<\/li>\n\t<\/ol>\n<\/nav><div  class=\"page-section style-default layout-default align-default\">\n\t<div class=\"section-grid grid-layout container\"><div  style=\"--grid-layout-index: 1\" class=\"section-item layout-default layout-margin-default\"><p>For a smooth journey to the Swiss Cycling Alpenbrevet, we offer numerous options to easily reach Andermatt and Ulrichen. Whether by public transport or car, we have compiled all the details for a stress-free arrival. Take advantage of our special train connections or find the best route by car, including parking options.<\/p>\n\n<div class=\"accordion-wrapper\">\n\t<div class=\"accordion-group\">\n\n\n\n\n<div class=\"wpce-accordion accordion\" id=\"by-public-transport-to-andermatt\">\n\t<div class=\"accordion-heading-wrapper\" role=\"heading\" aria-level=\"3\">\n\t\t<button\n\t\t\ttype=\"button\"\n\t\t\tclass=\"accordion-heading\"\n\t\t\tid=\"accordion-header-5a840d43-a9c3-4856-876f-28a5635a0cf1\"\n\t\t\taria-controls=\"accordion-content-5a840d43-a9c3-4856-876f-28a5635a0cf1\"\n\t\t>\n\t\t\tBy public transport to Andermatt\n\n\t\t\t<div class=\"accordion-icon-wrapper toggle-wrapper\">\n\t\t\t\t<svg class=\"toggle-icon\" width=\"22\" height=\"22\" viewBox=\"0 0 22 22\" xmlns=\"http:\/\/www.w3.org\/2000\/svg\">\n\t\t\t\t\t<g fill=\"currentColor\" fill-rule=\"evenodd\">\n\t\t\t\t\t\t<rect y=\"10\" width=\"22\" height=\"2\"><\/rect>\n\t\t\t\t\t\t<polygon class=\"toggle-icon-vertical\" points=\"12 0 12 22 10 22 10 0\"><\/polygon>\n\t\t\t\t\t<\/g>\n\t\t\t\t<\/svg>\n\t\t\t<\/div>\n\t\t<\/button>\n\t<\/div>\n\t<div\n\t\tclass=\"accordion-inner\"\n\t\tid=\"accordion-content-5a840d43-a9c3-4856-876f-28a5635a0cf1\"\n\t\trole=\"region\"\n\t\taria-labelledby=\"accordion-header-5a840d43-a9c3-4856-876f-28a5635a0cf1\"\n\t>\n<p>Take the train to G\u00f6schenen and from there a direct connection on the Matterhorn Gotthard Bahn to Andermatt within 10 minutes.<\/p>\n<h3><strong>Note: Bicycles on public transport<\/strong><\/h3>\n<ul>\n<li>Bicycle self-loading:\u00a0In the carrier bag as free hand luggage or for a fee in marked train areas.<\/li>\n<li>Bike shipping:\u00a0Simply drop off your bike as luggage at the train station and collect it at your destination.<\/li>\n<\/ul>\n<h3>Extra train Fiesch \u2013 Andermatt<\/h3>\n<p>The extra train from Fiesch to Andermatt will take you comfortably to the start on Saturday morning, 7 September 2024. More information\u00a0here.<\/p>\n\t<\/div>\n<\/div>\n\n\n\n\n<div class=\"wpce-accordion accordion\" id=\"travelling-by-car-to-andermatt\">\n\t<div class=\"accordion-heading-wrapper\" role=\"heading\" aria-level=\"3\">\n\t\t<button\n\t\t\ttype=\"button\"\n\t\t\tclass=\"accordion-heading\"\n\t\t\tid=\"accordion-header-16985cf8-6115-4d27-9d0b-a67298662578\"\n\t\t\taria-controls=\"accordion-content-16985cf8-6115-4d27-9d0b-a67298662578\"\n\t\t>\n\t\t\tTravelling by car to Andermatt\n\n\t\t\t<div class=\"accordion-icon-wrapper toggle-wrapper\">\n\t\t\t\t<svg class=\"toggle-icon\" width=\"22\" height=\"22\" viewBox=\"0 0 22 22\" xmlns=\"http:\/\/www.w3.org\/2000\/svg\">\n\t\t\t\t\t<g fill=\"currentColor\" fill-rule=\"evenodd\">\n\t\t\t\t\t\t<rect y=\"10\" width=\"22\" height=\"2\"><\/rect>\n\t\t\t\t\t\t<polygon class=\"toggle-icon-vertical\" points=\"12 0 12 22 10 22 10 0\"><\/polygon>\n\t\t\t\t\t<\/g>\n\t\t\t\t<\/svg>\n\t\t\t<\/div>\n\t\t<\/button>\n\t<\/div>\n\t<div\n\t\tclass=\"accordion-inner\"\n\t\tid=\"accordion-content-16985cf8-6115-4d27-9d0b-a67298662578\"\n\t\trole=\"region\"\n\t\taria-labelledby=\"accordion-header-16985cf8-6115-4d27-9d0b-a67298662578\"\n\t>\n<p>On the highway A2 to G\u00f6schenen and from there you can reach Andermatt via country road.<\/p>\n<h3><strong>Paid parking in Andermatt:<\/strong><\/h3>\n<p>Around 800 parking spaces are available to participants in the Alpenbrevet at the event in the\u00a0P1 and B\u00e4z\u00a0parking lots\u00a0(parking spaces marked in red in the following plan). At any time, these are subject to a charge. The parking ticket must be purchased on site via the\u00a0<strong>Parkingpay or Twint<\/strong>\u00a0app.<\/p>\n\n\n<div class=\"buttons\">\n\t<div class=\"button-group\">\n\n\t\t\t<a\n\t\t\t\thref=\"https:\/\/play.google.com\/store\/apps\/details?id=ch.parkingcard.customer\" class=\"button style-default with-arrow\"\n\t\t\t>\n\t\t\t\tGoogle Play Store\n\t\t\t<\/a>\n\n\t\t\t<a\n\t\t\t\thref=\"https:\/\/apps.apple.com\/ch\/app\/parkingpay\/id1104202443\" class=\"button style-default with-arrow\"\n\t\t\t>\n\t\t\t\tApple Store\n\t\t\t<\/a>\n\t<\/div>\n<\/div>\n\n\t\t<img loading=\"lazy\" decoding=\"async\" width=\"900\" height=\"342\" src=\"https:\/\/v2.alpenbrevet.ch\/wp-content\/uploads\/Parkplatztarife.png\" class=\"wpce-image\" alt=\"\" data-css-locator=\"\" srcset=\"https:\/\/v2.alpenbrevet.ch\/wp-content\/uploads\/Parkplatztarife.png 900w, https:\/\/v2.alpenbrevet.ch\/wp-content\/uploads\/Parkplatztarife-300x114.png 300w, https:\/\/v2.alpenbrevet.ch\/wp-content\/uploads\/Parkplatztarife-768x292.png 768w\" sizes=\"auto, (max-width: 900px) 100vw, 900px\" \/>\n\n\n\t\t<img loading=\"lazy\" decoding=\"async\" width=\"724\" height=\"1024\" src=\"https:\/\/v2.alpenbrevet.ch\/wp-content\/uploads\/Plan-Parking-Andermatt-AB-2024-724x1024.png\" class=\"wpce-image\" alt=\"\" data-css-locator=\"\" srcset=\"https:\/\/v2.alpenbrevet.ch\/wp-content\/uploads\/Plan-Parking-Andermatt-AB-2024-724x1024.png 724w, https:\/\/v2.alpenbrevet.ch\/wp-content\/uploads\/Plan-Parking-Andermatt-AB-2024-212x300.png 212w, https:\/\/v2.alpenbrevet.ch\/wp-content\/uploads\/Plan-Parking-Andermatt-AB-2024-768x1086.png 768w, https:\/\/v2.alpenbrevet.ch\/wp-content\/uploads\/Plan-Parking-Andermatt-AB-2024.png 794w\" sizes=\"auto, (max-width: 724px) 100vw, 724px\" \/>\n\t<\/div>\n<\/div>\n\n\n\n\n<div class=\"wpce-accordion accordion\" id=\"journey-to-ulrichen\">\n\t<div class=\"accordion-heading-wrapper\" role=\"heading\" aria-level=\"3\">\n\t\t<button\n\t\t\ttype=\"button\"\n\t\t\tclass=\"accordion-heading\"\n\t\t\tid=\"accordion-header-f108ac8a-197a-4012-852d-b7917792e52c\"\n\t\t\taria-controls=\"accordion-content-f108ac8a-197a-4012-852d-b7917792e52c\"\n\t\t>\n\t\t\tJourney to Ulrichen\n\n\t\t\t<div class=\"accordion-icon-wrapper toggle-wrapper\">\n\t\t\t\t<svg class=\"toggle-icon\" width=\"22\" height=\"22\" viewBox=\"0 0 22 22\" xmlns=\"http:\/\/www.w3.org\/2000\/svg\">\n\t\t\t\t\t<g fill=\"currentColor\" fill-rule=\"evenodd\">\n\t\t\t\t\t\t<rect y=\"10\" width=\"22\" height=\"2\"><\/rect>\n\t\t\t\t\t\t<polygon class=\"toggle-icon-vertical\" points=\"12 0 12 22 10 22 10 0\"><\/polygon>\n\t\t\t\t\t<\/g>\n\t\t\t\t<\/svg>\n\t\t\t<\/div>\n\t\t<\/button>\n\t<\/div>\n\t<div\n\t\tclass=\"accordion-inner\"\n\t\tid=\"accordion-content-f108ac8a-197a-4012-852d-b7917792e52c\"\n\t\trole=\"region\"\n\t\taria-labelledby=\"accordion-header-f108ac8a-197a-4012-852d-b7917792e52c\"\n\t>\n<h3>Mit den \u00d6V Nach Ulrichen<\/h3>\n<p>Mit dem Zug nach Visp und von dort mit der Matterhorn Gotthard Bahn nach Ulrichen oder via Furkatunnel von Andermatt Richtung Ulrichen.<\/p>\n<h3>Mit dem Auto nach Ulrichen<\/h3>\n<p>Via Grimsel-, Furka oder Nufenenpass erreichst du direkt das Goms. Oder von Visp der Hauptstrasse entlang via Fiesch bis nach Ulrichen.<\/p>\n<p>In Ulrichen stehen auf dem Flugplatz (rot markierte Parkpl\u00e4tze im folgenden Plan) ab Samstagmorgen kostenlose Parkpl\u00e4tze f\u00fcr die Teilnehmenden des Alpenbrevet zur Verf\u00fcgung.<\/p>\n\n\n\t\t<img loading=\"lazy\" decoding=\"async\" width=\"1024\" height=\"724\" src=\"https:\/\/v2.alpenbrevet.ch\/wp-content\/uploads\/Plan-Parking-Ulrichen-AB-2024-1-1024x724.png\" class=\"wpce-image\" alt=\"\" data-css-locator=\"\" srcset=\"https:\/\/v2.alpenbrevet.ch\/wp-content\/uploads\/Plan-Parking-Ulrichen-AB-2024-1-1024x724.png 1024w, https:\/\/v2.alpenbrevet.ch\/wp-content\/uploads\/Plan-Parking-Ulrichen-AB-2024-1-300x212.png 300w, https:\/\/v2.alpenbrevet.ch\/wp-content\/uploads\/Plan-Parking-Ulrichen-AB-2024-1-768x543.png 768w, https:\/\/v2.alpenbrevet.ch\/wp-content\/uploads\/Plan-Parking-Ulrichen-AB-2024-1.png 1123w\" sizes=\"auto, (max-width: 1024px) 100vw, 1024px\" \/>\n\t<\/div>\n<\/div>\n\t<\/div>\n<\/div>\n<\/div><\/div>\n<\/div>","protected":false},"excerpt":{"rendered":"<p>Getting there Startseite Services Getting there For a smooth journey to the Swiss Cycling Alpenbrevet, we offer numerous options to easily reach Andermatt and Ulrichen. Whether by public transport or car, we have compiled all the details for a stress-free arrival. Take advantage of our special train connections or find the best route by car, [&hellip;]<\/p>\n","protected":false},"author":2,"featured_media":0,"parent":6517,"menu_order":0,"comment_status":"closed","ping_status":"closed","template":"","meta":{"_acf_changed":false,"inline_featured_image":false,"footnotes":""},"class_list":["post-6526","page","type-page","status-publish","hentry"],"acf":[],"_links":{"self":[{"href":"https:\/\/v2.alpenbrevet.ch\/en\/wp-json\/wp\/v2\/pages\/6526","targetHints":{"allow":["GET"]}}],"collection":[{"href":"https:\/\/v2.alpenbrevet.ch\/en\/wp-json\/wp\/v2\/pages"}],"about":[{"href":"https:\/\/v2.alpenbrevet.ch\/en\/wp-json\/wp\/v2\/types\/page"}],"author":[{"embeddable":true,"href":"https:\/\/v2.alpenbrevet.ch\/en\/wp-json\/wp\/v2\/users\/2"}],"replies":[{"embeddable":true,"href":"https:\/\/v2.alpenbrevet.ch\/en\/wp-json\/wp\/v2\/comments?post=6526"}],"version-history":[{"count":4,"href":"https:\/\/v2.alpenbrevet.ch\/en\/wp-json\/wp\/v2\/pages\/6526\/revisions"}],"predecessor-version":[{"id":8332,"href":"https:\/\/v2.alpenbrevet.ch\/en\/wp-json\/wp\/v2\/pages\/6526\/revisions\/8332"}],"up":[{"embeddable":true,"href":"https:\/\/v2.alpenbrevet.ch\/en\/wp-json\/wp\/v2\/pages\/6517"}],"wp:attachment":[{"href":"https:\/\/v2.alpenbrevet.ch\/en\/wp-json\/wp\/v2\/media?parent=6526"}],"curies":[{"name":"wp","href":"https:\/\/api.w.org\/{rel}","templated":true}]}}