{"id":6518,"date":"2024-08-19T13:12:59","date_gmt":"2024-08-19T11:12:59","guid":{"rendered":"https:\/\/v2.alpenbrevet.ch\/services\/"},"modified":"2024-09-09T17:01:23","modified_gmt":"2024-09-09T15:01:23","slug":"services","status":"publish","type":"page","link":"https:\/\/v2.alpenbrevet.ch\/fr\/services\/","title":{"rendered":"Services"},"content":{"rendered":"<link data-name=\"until-s\" rel=\"preload\" as=\"style\" href=\"https:\/\/v2.alpenbrevet.ch\/wp-content\/uploads\/Alpenbrevet-Services-540x960.jpg\" media=\"(max-width: 539px) and (max-height: 303.75px) and (max-resolution: 1.999dppx)\">\n<link data-name=\"until-s@2x\" rel=\"preload\" as=\"style\" href=\"https:\/\/v2.alpenbrevet.ch\/wp-content\/uploads\/Alpenbrevet-Services-1080x1920.jpg\" media=\"(max-width: 539px) and (max-height: 303.75px) and (min-resolution: 2dppx)\">\n<link data-name=\"until-sm\" rel=\"preload\" as=\"style\" href=\"https:\/\/v2.alpenbrevet.ch\/wp-content\/uploads\/Alpenbrevet-Services-768x1365.jpg\" media=\"(max-width: 767px) and (max-height: 432px) and (max-resolution: 1.999dppx)\">\n<link data-name=\"until-sm@2x\" rel=\"preload\" as=\"style\" href=\"https:\/\/v2.alpenbrevet.ch\/wp-content\/uploads\/Alpenbrevet-Services-1536x2730.jpg\" media=\"(max-width: 767px) and (max-height: 432px) and (min-resolution: 2dppx)\">\n<link data-name=\"until-md\" rel=\"preload\" as=\"style\" href=\"https:\/\/v2.alpenbrevet.ch\/wp-content\/uploads\/Alpenbrevet-Services-992x558.jpg\" media=\"(max-width: 991px) and (max-height: 558px) and (max-resolution: 1.999dppx)\">\n<link data-name=\"until-md@2x\" rel=\"preload\" as=\"style\" href=\"https:\/\/v2.alpenbrevet.ch\/wp-content\/uploads\/Alpenbrevet-Services-1984x1116.jpg\" media=\"(max-width: 991px) and (max-height: 558px) and (min-resolution: 2dppx)\">\n<link data-name=\"until-lg\" rel=\"preload\" as=\"style\" href=\"https:\/\/v2.alpenbrevet.ch\/wp-content\/uploads\/Alpenbrevet-Services-1200x675.jpg\" media=\"(max-width: 1199px) and (max-height: 675px) and (max-resolution: 1.999dppx)\">\n<link data-name=\"until-lg@2x\" rel=\"preload\" as=\"style\" href=\"https:\/\/v2.alpenbrevet.ch\/wp-content\/uploads\/Alpenbrevet-Services-2400x1350.jpg\" media=\"(max-width: 1199px) and (max-height: 675px) and (min-resolution: 2dppx)\">\n<link data-name=\"until-xl\" rel=\"preload\" as=\"style\" href=\"https:\/\/v2.alpenbrevet.ch\/wp-content\/uploads\/Alpenbrevet-Services-1425x802.jpg\" media=\"(max-width: 1424px) and (max-height: 801.5625px) and (max-resolution: 1.999dppx)\">\n<link data-name=\"until-xl@2x\" rel=\"preload\" as=\"style\" href=\"https:\/\/v2.alpenbrevet.ch\/wp-content\/uploads\/Alpenbrevet-Services-2850x1604.jpg\" media=\"(max-width: 1424px) and (max-height: 801.5625px) and (min-resolution: 2dppx)\">\n<link data-name=\"full\" rel=\"preload\" as=\"style\" href=\"https:\/\/v2.alpenbrevet.ch\/wp-content\/uploads\/Alpenbrevet-Services.jpg\" media=\"(min-width: 1425px)\">\n<div class=\"hero-section hero-is-image hero-align-end hero-size-narrow\" style=\"--hero-image-full: url('https:\/\/v2.alpenbrevet.ch\/wp-content\/uploads\/Alpenbrevet-Services.jpg'); --hero-image-aspect-ratio: 1.5005861664713; --hero-image-until-s: url('https:\/\/v2.alpenbrevet.ch\/wp-content\/uploads\/Alpenbrevet-Services-540x960.jpg'); --hero-image-until-s-2x: url('https:\/\/v2.alpenbrevet.ch\/wp-content\/uploads\/Alpenbrevet-Services-1080x1920.jpg'); --hero-image-until-sm: url('https:\/\/v2.alpenbrevet.ch\/wp-content\/uploads\/Alpenbrevet-Services-768x1365.jpg'); --hero-image-until-sm-2x: url('https:\/\/v2.alpenbrevet.ch\/wp-content\/uploads\/Alpenbrevet-Services-1536x2730.jpg'); --hero-image-until-md: url('https:\/\/v2.alpenbrevet.ch\/wp-content\/uploads\/Alpenbrevet-Services-992x558.jpg'); --hero-image-until-md-2x: url('https:\/\/v2.alpenbrevet.ch\/wp-content\/uploads\/Alpenbrevet-Services-1984x1116.jpg'); --hero-image-until-lg: url('https:\/\/v2.alpenbrevet.ch\/wp-content\/uploads\/Alpenbrevet-Services-1200x675.jpg'); --hero-image-until-lg-2x: url('https:\/\/v2.alpenbrevet.ch\/wp-content\/uploads\/Alpenbrevet-Services-2400x1350.jpg'); --hero-image-until-xl: url('https:\/\/v2.alpenbrevet.ch\/wp-content\/uploads\/Alpenbrevet-Services-1425x802.jpg'); --hero-image-until-xl-2x: url('https:\/\/v2.alpenbrevet.ch\/wp-content\/uploads\/Alpenbrevet-Services-2850x1604.jpg'); --hero-image-position: 50% 50%\"\n>\n\t<div class=\"hero-media\">\n\t\t<div class=\"hero-media-overlay\"><\/div>\n\t\t<div class=\"hero-content-wrapper\">\n\t\t\t<div class=\"hero-content\">\n\t\t\t\t<h1>Services<\/h1>\n\n\t\t\t<\/div>\n\t\t<\/div>\n\t<\/div>\n<\/div><nav class=\"breadcrumb\" aria-label=\"Navigation en fil d&apos;Ariane\">\n\t<ol>\n\t\t<li>\n\t\t\t<a href=\"https:\/\/v2.alpenbrevet.ch\/fr\/\" class=\"breadcrumb-link\">Startseite<\/a>\n\t\t<\/li>\n\t\t<li>\n\t\t\t<a href=\"https:\/\/v2.alpenbrevet.ch\/fr\/services\/\" class=\"breadcrumb-link\" aria-current=\"page\">Services<\/a>\n\t\t<\/li>\n\t<\/ol>\n<\/nav><div  id=\"included\" class=\"page-section style-default layout-default align-default\">\n\t<div class=\"section-grid grid-layout container\"><div  style=\"--grid-layout-index: 1; --col-xs: 12; --col-sm: 12; --col-md: 12; --col-lg: 12; --col-xl: 12\" class=\"section-item layout-default layout-margin-default\"><h2>Services d\u2019Alpenbrevet<\/h2>\n<p>En plus de l\u2019exp\u00e9rience unique de rouler avec plusieurs milliers de cyclistes sur les plus beaux cols de Suisse, les prestations suivantes sont comprises dans les frais d\u2019inscription.<\/p>\n<ul>\n<li><strong>Dossard \/ chronom\u00e9trage<\/strong><br \/>\nPour que vous sachiez ce que vous avez accompli, nous mesurons votre temps de conduite. Une liste de finisseurs sans classement vous donnera des informations sur vos performances.Pour le dossard, tu paies un d\u00e9p\u00f4t de 10.00 CHF. Tu peux demander le remboursement de ce d\u00e9p\u00f4t apr\u00e8s avoir rendu ton dossard ou l\u2019\u00e9changer contre un T-shirt Alpenbrevet.<\/li>\n<li><strong>Points de ravitaillement<\/strong><br \/>\nTu trouveras des postes de ravitaillement \u00e0 Innertkirchen, Ulrichen, Airolo, Olivone et Disentis. De plus, des boissons gratuites sont disponibles dans le village de l\u2019\u00e9v\u00e9nement (bi\u00e8re, boissons sucr\u00e9es, eau).<\/li>\n<li><strong>Sanitaire \/ S\u00e9curit\u00e9 du parcours<\/strong><br \/>\nDes ambulances et des motards assurent ta s\u00e9curit\u00e9 sur la route.<\/li>\n<li><strong>Sac des finishers<\/strong><br \/>\nTous les participants qui ont termin\u00e9 avec succ\u00e8s le Alpenbrevet re\u00e7oivent \u00e0 l\u2019arriv\u00e9e \u00e0 Andermatt un Finisher-Bag avec de superbes goodies de nos partenaires.<\/li>\n<li><strong>Services suppl\u00e9mentaires<\/strong><br \/>\nPossibilit\u00e9 de se doucher, parking \u00e0 v\u00e9lo surveill\u00e9, service sanitaire, transport des bagages d&#8217;Ulrichen \u00e0 Andermatt et service de massage dans la salle polyvalente.<\/li>\n<\/ul>\n<\/div><\/div>\n<\/div>\n<div class=\"background style-light\">\n<div  id=\"excluded\" class=\"page-section style-default layout-default align-default\">\n\t<div class=\"section-grid grid-layout container\"><div  style=\"--grid-layout-index: 1; --col-xs: 12; --col-sm: 12; --col-md: 12; --col-lg: 12; --col-xl: 12\" class=\"section-item layout-default layout-margin-default\"><h3>Services optionnels<\/h3>\n<ul>\n<li><strong>Photos personnelles<\/strong><br \/>\nLes photographes de Sportograf prendront des photos des participants \u00e0 diff\u00e9rents points le long du parcours. ous pouvez ensuite acheter ces photos sur le site\u00a0www.sportograf.com<\/li>\n<li><strong>M\u00e9daille de finisher<\/strong><br \/>\nVeux-tu recevoir une m\u00e9daille apr\u00e8s avoir franchi la ligne d\u2019arriv\u00e9e \u00e0 Andermatt ? Lors de l\u2019inscription ou ult\u00e9rieurement avec ton lien de modification individuel, tu peux r\u00e9server une m\u00e9daille payante en plus.<\/li>\n<li><strong>SMS Service<\/strong><br \/>\nLors de l\u2019inscription ou ult\u00e9rieurement avec ton lien de modification individuel figurant dans l\u2019e-mail de confirmation, tu peux r\u00e9server le service SMS payant. Le temps interm\u00e9diaire et le temps de d\u00e9placement est donc livr\u00e9 directement au t\u00e9l\u00e9phone mobile.<\/li>\n<\/ul>\n<\/div><\/div>\n<\/div><\/div><div  id=\"pasta-party\" class=\"page-section style-default layout-default align-default\">\n\t<div class=\"section-grid grid-layout container\"><div  style=\"--grid-layout-index: 1; --col-xs: 12; --col-sm: 12; --col-md: 12; --col-lg: 12; --col-xl: 12\" class=\"section-item layout-default layout-margin-default\"><h3>Pasta Party: vendredi 5 septembre 2025<\/h3>\n<p>Le vendredi soir, la Swiss Cycling Alpenbrevet Pasta-Party aura lieu dans la salle polyvalente pr\u00e8s de l\u2019Event-Village. D\u00e9sormais, une option v\u00e9g\u00e9talienne est \u00e9galement disponible. Pour CHF 22.00, tu re\u00e7ois le menu suivant.<\/p>\n<ul>\n<li>P\u00e2tes avec un choix de 2 sauces ou option riz v\u00e9g\u00e9talien avec Planted<\/li>\n<li>Boisson sucr\u00e9e, eau ou bi\u00e8re<\/li>\n<li>Dessert<\/li>\n<\/ul>\n<p>Afin de pouvoir utiliser pleinement la capacit\u00e9 de la salle polyvalente, tu as le choix entre deux horaires de service lors de ton inscription. Nous te demandons de te pr\u00e9senter \u00e9galement ce jour-l\u00e0 dans le horaire de service que tu as choisi.<\/p>\n<p>Service 1 : de 17h30 \u00e0 19h00<br \/>\nService 2 : de 19h00 \u00e0 21h00<\/p>\n\n\n<div class=\"buttons\">\n\t<div class=\"button-group\">\n\n\t\t\t<a\n\t\t\t\thref=\"#\" class=\"button style-default with-arrow\"\n\t\t\t>\n\t\t\t\tinscriptions ouvrent \u00e0 l&#8217;\u00e9t\u00e9 2025\n\t\t\t<\/a>\n\t<\/div>\n<\/div><\/div><\/div>\n<\/div><div  id=\"breakfast\" class=\"page-section style-default layout-default align-default\">\n\t<div class=\"section-grid grid-layout container\"><div  style=\"--grid-layout-index: 1; --col-xs: 12; --col-sm: 12; --col-md: 12; --col-lg: 12; --col-xl: 12\" class=\"section-item layout-default layout-margin-default\"><h3>Petit d\u00e9jeuner: samedi 6 septembre 2025<\/h3>\n<p>Le samedi matin, nous servirons un petit-d\u00e9jeuner copieux dans la salle polyvalente pr\u00e8s du village de l\u2019\u00e9v\u00e9nement. Id\u00e9al pour commencer ta longue journ\u00e9e. Le buffet du petit-d\u00e9jeuner est ouvert de 04h00 \u00e0 06h30 et vous b\u00e9n\u00e9ficiez du menu suivant pour 15 CHF.<\/p>\n<ul>\n<li>Pain avec diff\u00e9rentes variantes de p\u00e2te \u00e0 tartiner<\/li>\n<li>Bircherm\u00fcesli \/ muesli normal<\/li>\n<li>Flocons d\u2019avoine<\/li>\n<li>Diff\u00e9rents yogourts<\/li>\n<li>Caf\u00e9, th\u00e9, jus d\u2019orange, lait<\/li>\n<li>Fruits divers<\/li>\n<\/ul>\n\n\n<div class=\"buttons\">\n\t<div class=\"button-group\">\n\n\t\t\t<a\n\t\t\t\thref=\"#\" class=\"button style-default with-arrow\"\n\t\t\t>\n\t\t\t\tinscriptions ouvrent \u00e0 l&#8217;\u00e9t\u00e9 2025\n\t\t\t<\/a>\n\t<\/div>\n<\/div>\n<p><strong>Il vaut la peine de s\u2019inscrire \u00e0 l\u2019avance ! Les personnes qui souhaitent s\u2019inscrire spontan\u00e9ment sur place pour la pasta-party ou le petit-d\u00e9jeuner doivent payer un suppl\u00e9ment de 5 CHF par menu. En outre, le nombre de places disponibles est limit\u00e9.<\/strong><\/p>\n<\/div><\/div>\n<\/div>","protected":false},"excerpt":{"rendered":"<p>Services Startseite Services Services d\u2019Alpenbrevet En plus de l\u2019exp\u00e9rience unique de rouler avec plusieurs milliers de cyclistes sur les plus beaux cols de Suisse, les prestations suivantes sont comprises dans les frais d\u2019inscription. Dossard \/ chronom\u00e9trage Pour que vous sachiez ce que vous avez accompli, nous mesurons votre temps de conduite. Une liste de finisseurs [&hellip;]<\/p>\n","protected":false},"author":2,"featured_media":0,"parent":0,"menu_order":0,"comment_status":"closed","ping_status":"closed","template":"","meta":{"_acf_changed":false,"inline_featured_image":false,"footnotes":""},"class_list":["post-6518","page","type-page","status-publish","hentry"],"acf":[],"_links":{"self":[{"href":"https:\/\/v2.alpenbrevet.ch\/fr\/wp-json\/wp\/v2\/pages\/6518","targetHints":{"allow":["GET"]}}],"collection":[{"href":"https:\/\/v2.alpenbrevet.ch\/fr\/wp-json\/wp\/v2\/pages"}],"about":[{"href":"https:\/\/v2.alpenbrevet.ch\/fr\/wp-json\/wp\/v2\/types\/page"}],"author":[{"embeddable":true,"href":"https:\/\/v2.alpenbrevet.ch\/fr\/wp-json\/wp\/v2\/users\/2"}],"replies":[{"embeddable":true,"href":"https:\/\/v2.alpenbrevet.ch\/fr\/wp-json\/wp\/v2\/comments?post=6518"}],"version-history":[{"count":3,"href":"https:\/\/v2.alpenbrevet.ch\/fr\/wp-json\/wp\/v2\/pages\/6518\/revisions"}],"predecessor-version":[{"id":8270,"href":"https:\/\/v2.alpenbrevet.ch\/fr\/wp-json\/wp\/v2\/pages\/6518\/revisions\/8270"}],"wp:attachment":[{"href":"https:\/\/v2.alpenbrevet.ch\/fr\/wp-json\/wp\/v2\/media?parent=6518"}],"curies":[{"name":"wp","href":"https:\/\/api.w.org\/{rel}","templated":true}]}}