{"id":6522,"date":"2024-08-19T16:30:25","date_gmt":"2024-08-19T14:30:25","guid":{"rendered":"https:\/\/v2.alpenbrevet.ch\/services\/andermatt\/"},"modified":"2024-08-22T08:03:41","modified_gmt":"2024-08-22T06:03:41","slug":"andermatt","status":"publish","type":"page","link":"https:\/\/v2.alpenbrevet.ch\/fr\/services\/andermatt\/","title":{"rendered":"Andermatt"},"content":{"rendered":"<link data-name=\"until-s\" rel=\"preload\" as=\"style\" href=\"https:\/\/v2.alpenbrevet.ch\/wp-content\/uploads\/9754_20230902_063722_309527159_original-540x960.jpg\" media=\"(max-width: 539px) and (max-height: 303.75px) and (max-resolution: 1.999dppx)\">\n<link data-name=\"until-s@2x\" rel=\"preload\" as=\"style\" href=\"https:\/\/v2.alpenbrevet.ch\/wp-content\/uploads\/9754_20230902_063722_309527159_original-1080x1920.jpg\" media=\"(max-width: 539px) and (max-height: 303.75px) and (min-resolution: 2dppx)\">\n<link data-name=\"until-sm\" rel=\"preload\" as=\"style\" href=\"https:\/\/v2.alpenbrevet.ch\/wp-content\/uploads\/9754_20230902_063722_309527159_original.jpg\" media=\"(max-width: 767px) and (max-height: 432px) and (max-resolution: 1.999dppx)\">\n<link data-name=\"until-sm@2x\" rel=\"preload\" as=\"style\" href=\"https:\/\/v2.alpenbrevet.ch\/wp-content\/uploads\/9754_20230902_063722_309527159_original.jpg\" media=\"(max-width: 767px) and (max-height: 432px) and (min-resolution: 2dppx)\">\n<link data-name=\"until-md\" rel=\"preload\" as=\"style\" href=\"https:\/\/v2.alpenbrevet.ch\/wp-content\/uploads\/9754_20230902_063722_309527159_original-992x558.jpg\" media=\"(max-width: 991px) and (max-height: 558px) and (max-resolution: 1.999dppx)\">\n<link data-name=\"until-md@2x\" rel=\"preload\" as=\"style\" href=\"https:\/\/v2.alpenbrevet.ch\/wp-content\/uploads\/9754_20230902_063722_309527159_original-1984x1116.jpg\" media=\"(max-width: 991px) and (max-height: 558px) and (min-resolution: 2dppx)\">\n<link data-name=\"until-lg\" rel=\"preload\" as=\"style\" href=\"https:\/\/v2.alpenbrevet.ch\/wp-content\/uploads\/9754_20230902_063722_309527159_original-1200x675.jpg\" media=\"(max-width: 1199px) and (max-height: 675px) and (max-resolution: 1.999dppx)\">\n<link data-name=\"until-lg@2x\" rel=\"preload\" as=\"style\" href=\"https:\/\/v2.alpenbrevet.ch\/wp-content\/uploads\/9754_20230902_063722_309527159_original-2400x1350.jpg\" media=\"(max-width: 1199px) and (max-height: 675px) and (min-resolution: 2dppx)\">\n<link data-name=\"until-xl\" rel=\"preload\" as=\"style\" href=\"https:\/\/v2.alpenbrevet.ch\/wp-content\/uploads\/9754_20230902_063722_309527159_original-1425x802.jpg\" media=\"(max-width: 1424px) and (max-height: 801.5625px) and (max-resolution: 1.999dppx)\">\n<link data-name=\"until-xl@2x\" rel=\"preload\" as=\"style\" href=\"https:\/\/v2.alpenbrevet.ch\/wp-content\/uploads\/9754_20230902_063722_309527159_original-2850x1604.jpg\" media=\"(max-width: 1424px) and (max-height: 801.5625px) and (min-resolution: 2dppx)\">\n<link data-name=\"full\" rel=\"preload\" as=\"style\" href=\"https:\/\/v2.alpenbrevet.ch\/wp-content\/uploads\/9754_20230902_063722_309527159_original.jpg\" media=\"(min-width: 1425px)\">\n<div class=\"hero-section hero-is-image hero-align-end hero-size-narrow\" style=\"--hero-image-full: url('https:\/\/v2.alpenbrevet.ch\/wp-content\/uploads\/9754_20230902_063722_309527159_original.jpg'); --hero-image-aspect-ratio: 1.5003750937734; --hero-image-until-s: url('https:\/\/v2.alpenbrevet.ch\/wp-content\/uploads\/9754_20230902_063722_309527159_original-540x960.jpg'); --hero-image-until-s-2x: url('https:\/\/v2.alpenbrevet.ch\/wp-content\/uploads\/9754_20230902_063722_309527159_original-1080x1920.jpg'); --hero-image-until-sm: url('https:\/\/v2.alpenbrevet.ch\/wp-content\/uploads\/9754_20230902_063722_309527159_original.jpg'); --hero-image-until-sm-2x: url('https:\/\/v2.alpenbrevet.ch\/wp-content\/uploads\/9754_20230902_063722_309527159_original.jpg'); --hero-image-until-md: url('https:\/\/v2.alpenbrevet.ch\/wp-content\/uploads\/9754_20230902_063722_309527159_original-992x558.jpg'); --hero-image-until-md-2x: url('https:\/\/v2.alpenbrevet.ch\/wp-content\/uploads\/9754_20230902_063722_309527159_original-1984x1116.jpg'); --hero-image-until-lg: url('https:\/\/v2.alpenbrevet.ch\/wp-content\/uploads\/9754_20230902_063722_309527159_original-1200x675.jpg'); --hero-image-until-lg-2x: url('https:\/\/v2.alpenbrevet.ch\/wp-content\/uploads\/9754_20230902_063722_309527159_original-2400x1350.jpg'); --hero-image-until-xl: url('https:\/\/v2.alpenbrevet.ch\/wp-content\/uploads\/9754_20230902_063722_309527159_original-1425x802.jpg'); --hero-image-until-xl-2x: url('https:\/\/v2.alpenbrevet.ch\/wp-content\/uploads\/9754_20230902_063722_309527159_original-2850x1604.jpg'); --hero-image-position: 50% 50%\"\n>\n\t<div class=\"hero-media\">\n\t\t<div class=\"hero-media-overlay\"><\/div>\n\t\t<div class=\"hero-content-wrapper\">\n\t\t\t<div class=\"hero-content\">\n\t\t\t\t<h1>Andermatt<\/h1>\n\n\t\t\t<\/div>\n\t\t<\/div>\n\t<\/div>\n<\/div><nav class=\"breadcrumb\" aria-label=\"Navigation en fil d&apos;Ariane\">\n\t<ol>\n\t\t<li>\n\t\t\t<a href=\"https:\/\/v2.alpenbrevet.ch\/fr\/\" class=\"breadcrumb-link\">Startseite<\/a>\n\t\t<\/li>\n\t\t<li>\n\t\t\t<a href=\"https:\/\/v2.alpenbrevet.ch\/fr\/services\/\" class=\"breadcrumb-link\">Services<\/a>\n\t\t<\/li>\n\t\t<li>\n\t\t\t<a href=\"https:\/\/v2.alpenbrevet.ch\/fr\/services\/andermatt\/\" class=\"breadcrumb-link\" aria-current=\"page\">Andermatt<\/a>\n\t\t<\/li>\n\t<\/ol>\n<\/nav><div  class=\"page-section style-default layout-default align-default\">\n\t<div class=\"section-grid grid-layout container\"><div  style=\"--grid-layout-index: 1\" class=\"section-item layout-default layout-margin-default\"><h2>Sur la route sur deux roues<\/h2>\n<p>Si vous voulez faire de l\u2019altitude sur deux roues, la r\u00e9gion de vacances d\u2019Andermatt est l\u2019endroit id\u00e9al. Les huit cols alpins environnants et les diverses pistes cyclables vous permettront de tirer le meilleur parti de votre v\u00e9lo, de votre VTT ou de votre v\u00e9lo \u00e9lectrique. Conqu\u00e9rez les cols alpins \u00e0 la seule force de vos muscles et laissez le vent siffler \u00e0 vos oreilles lorsque vous descendez : Pour de nombreux coureurs cyclistes passionn\u00e9s, il n\u2019y a pas de meilleur moyen de s\u2019adonner \u00e0 leur hobby. Paysages divers et vari\u00e9s, prairies fleuries luxuriantes, for\u00eats verdoyantes, formations rocheuses bizarres, hautes montagnes alpines et glaciers. Gr\u00e2ce \u00e0 sa situation centrale, la r\u00e9gion de vacances d\u2019Andermatt offre un point de d\u00e9part id\u00e9al pour les circuits de v\u00e9lo de course et les randonn\u00e9es d\u2019entra\u00eenement.<br \/>\nLa situation centrale rend le voyage vers la r\u00e9gion de vacances d\u2019Andermatt court et agr\u00e9able pour les h\u00f4tes du nord, du sud, de l\u2019est et de l\u2019ouest. De Zurich et de Lugano, la r\u00e9gion de vacances d\u2019Andermatt est accessible apr\u00e8s seulement une heure et demie \u00e0 deux heures de voyage.\u00a0Ceux qui arrivent avec leur propre voiture quittent l\u2019autoroute \u00e0 G\u00f6schenen et atteignent Andermatt de l\u00e0 en dix minutes. Les voyageurs prennent le train express du Gothard toutes les heures jusqu\u2019\u00e0 G\u00f6schenen et y changent pour la Matterhorn Gotthard Bahn. Le chemin de fer \u00e0 voie \u00e9troite a des correspondances r\u00e9guli\u00e8res avec l\u2019horaire des CFF et emm\u00e8ne les clients \u00e0 Andermatt en dix minutes.<\/p>\n<\/div><\/div>\n<\/div><div  id class=\"page-section style-default layout-default align-default\">\n\t<div class=\"section-grid grid-layout container\"><div  style=\"--grid-layout-index: 1; --col-xs: 12; --col-sm: 12; --col-md: 6; --col-lg: 6; --col-xl: 6\" class=\"section-item layout-default layout-margin-default\"><h3>H\u00e9bergements dans la r\u00e9gion<\/h3>\n<p><img loading=\"lazy\" decoding=\"async\" class=\"alignnone size-medium wp-image-5918\" src=\"https:\/\/v2.alpenbrevet.ch\/wp-content\/uploads\/logo.svg\" alt=\"\" width=\"300\" height=\"300\" \/><\/p>\n<p>R\u00e9gion de vacances Andermatt<br \/>\nGotthardstrasse 2<br \/>\n6490 Andermatt<br \/>\nTel. +41 (0)41 888 71 00<br \/>\nFax +41 (0)41 888 71 01<br \/>\n<a href=\"mailto:info@andermatt.ch\">info@andermatt.ch<\/a><br \/>\nwww.andermatt.ch<\/p>\n\n\n<div class=\"buttons\">\n\t<div class=\"button-group\">\n\n\t\t\t<a\n\t\t\t\thref=\"https:\/\/www.andermatt.ch\/de\" class=\"button style-default with-arrow\"\n\t\t\t>\n\t\t\t\tWeiter zu Andermatt-Tourismus\n\t\t\t<\/a>\n\t<\/div>\n<\/div><\/div><div  style=\"--grid-layout-index: 2; --col-xs: 12; --col-sm: 12; --col-md: 6; --col-lg: 6; --col-xl: 6\" class=\"section-item layout-default layout-margin-default\"><h3>Questions sur l&#8217;\u00e9v\u00e9nement<\/h3>\n<p>Swiss Cycling Alpenbrevet<br \/>\nMail:\u00a0<a href=\"mailto:info@alpenbrevet.ch\">info@alpenbrevet.ch<\/a><\/p>\n<\/div><\/div>\n<\/div>","protected":false},"excerpt":{"rendered":"<p>Andermatt Startseite Services Andermatt Sur la route sur deux roues Si vous voulez faire de l\u2019altitude sur deux roues, la r\u00e9gion de vacances d\u2019Andermatt est l\u2019endroit id\u00e9al. Les huit cols alpins environnants et les diverses pistes cyclables vous permettront de tirer le meilleur parti de votre v\u00e9lo, de votre VTT ou de votre v\u00e9lo \u00e9lectrique. [&hellip;]<\/p>\n","protected":false},"author":2,"featured_media":0,"parent":6518,"menu_order":0,"comment_status":"closed","ping_status":"closed","template":"","meta":{"_acf_changed":false,"inline_featured_image":false,"footnotes":""},"class_list":["post-6522","page","type-page","status-publish","hentry"],"acf":[],"_links":{"self":[{"href":"https:\/\/v2.alpenbrevet.ch\/fr\/wp-json\/wp\/v2\/pages\/6522","targetHints":{"allow":["GET"]}}],"collection":[{"href":"https:\/\/v2.alpenbrevet.ch\/fr\/wp-json\/wp\/v2\/pages"}],"about":[{"href":"https:\/\/v2.alpenbrevet.ch\/fr\/wp-json\/wp\/v2\/types\/page"}],"author":[{"embeddable":true,"href":"https:\/\/v2.alpenbrevet.ch\/fr\/wp-json\/wp\/v2\/users\/2"}],"replies":[{"embeddable":true,"href":"https:\/\/v2.alpenbrevet.ch\/fr\/wp-json\/wp\/v2\/comments?post=6522"}],"version-history":[{"count":1,"href":"https:\/\/v2.alpenbrevet.ch\/fr\/wp-json\/wp\/v2\/pages\/6522\/revisions"}],"predecessor-version":[{"id":6525,"href":"https:\/\/v2.alpenbrevet.ch\/fr\/wp-json\/wp\/v2\/pages\/6522\/revisions\/6525"}],"up":[{"embeddable":true,"href":"https:\/\/v2.alpenbrevet.ch\/fr\/wp-json\/wp\/v2\/pages\/6518"}],"wp:attachment":[{"href":"https:\/\/v2.alpenbrevet.ch\/fr\/wp-json\/wp\/v2\/media?parent=6522"}],"curies":[{"name":"wp","href":"https:\/\/api.w.org\/{rel}","templated":true}]}}