{"id":6527,"date":"2024-08-19T13:39:56","date_gmt":"2024-08-19T11:39:56","guid":{"rendered":"https:\/\/v2.alpenbrevet.ch\/services\/anreise\/"},"modified":"2024-09-10T16:27:15","modified_gmt":"2024-09-10T14:27:15","slug":"acces","status":"publish","type":"page","link":"https:\/\/v2.alpenbrevet.ch\/fr\/services\/acces\/","title":{"rendered":"Acc\u00e8s"},"content":{"rendered":"<link data-name=\"until-s\" rel=\"preload\" as=\"style\" href=\"https:\/\/v2.alpenbrevet.ch\/wp-content\/uploads\/Alpenbrevet-Anreise-540x960.jpg\" media=\"(max-width: 539px) and (max-height: 303.75px) and (max-resolution: 1.999dppx)\">\n<link data-name=\"until-s@2x\" rel=\"preload\" as=\"style\" href=\"https:\/\/v2.alpenbrevet.ch\/wp-content\/uploads\/Alpenbrevet-Anreise-1080x1920.jpg\" media=\"(max-width: 539px) and (max-height: 303.75px) and (min-resolution: 2dppx)\">\n<link data-name=\"until-sm\" rel=\"preload\" as=\"style\" href=\"https:\/\/v2.alpenbrevet.ch\/wp-content\/uploads\/Alpenbrevet-Anreise-768x1365.jpg\" media=\"(max-width: 767px) and (max-height: 432px) and (max-resolution: 1.999dppx)\">\n<link data-name=\"until-sm@2x\" rel=\"preload\" as=\"style\" href=\"https:\/\/v2.alpenbrevet.ch\/wp-content\/uploads\/Alpenbrevet-Anreise-1536x2730.jpg\" media=\"(max-width: 767px) and (max-height: 432px) and (min-resolution: 2dppx)\">\n<link data-name=\"until-md\" rel=\"preload\" as=\"style\" href=\"https:\/\/v2.alpenbrevet.ch\/wp-content\/uploads\/Alpenbrevet-Anreise-992x558.jpg\" media=\"(max-width: 991px) and (max-height: 558px) and (max-resolution: 1.999dppx)\">\n<link data-name=\"until-md@2x\" rel=\"preload\" as=\"style\" href=\"https:\/\/v2.alpenbrevet.ch\/wp-content\/uploads\/Alpenbrevet-Anreise-1984x1116.jpg\" media=\"(max-width: 991px) and (max-height: 558px) and (min-resolution: 2dppx)\">\n<link data-name=\"until-lg\" rel=\"preload\" as=\"style\" href=\"https:\/\/v2.alpenbrevet.ch\/wp-content\/uploads\/Alpenbrevet-Anreise-1200x675.jpg\" media=\"(max-width: 1199px) and (max-height: 675px) and (max-resolution: 1.999dppx)\">\n<link data-name=\"until-lg@2x\" rel=\"preload\" as=\"style\" href=\"https:\/\/v2.alpenbrevet.ch\/wp-content\/uploads\/Alpenbrevet-Anreise-2400x1350.jpg\" media=\"(max-width: 1199px) and (max-height: 675px) and (min-resolution: 2dppx)\">\n<link data-name=\"until-xl\" rel=\"preload\" as=\"style\" href=\"https:\/\/v2.alpenbrevet.ch\/wp-content\/uploads\/Alpenbrevet-Anreise-1425x802.jpg\" media=\"(max-width: 1424px) and (max-height: 801.5625px) and (max-resolution: 1.999dppx)\">\n<link data-name=\"until-xl@2x\" rel=\"preload\" as=\"style\" href=\"https:\/\/v2.alpenbrevet.ch\/wp-content\/uploads\/Alpenbrevet-Anreise-2850x1604.jpg\" media=\"(max-width: 1424px) and (max-height: 801.5625px) and (min-resolution: 2dppx)\">\n<link data-name=\"full\" rel=\"preload\" as=\"style\" href=\"https:\/\/v2.alpenbrevet.ch\/wp-content\/uploads\/Alpenbrevet-Anreise.jpg\" media=\"(min-width: 1425px)\">\n<div class=\"hero-section hero-is-image hero-align-end hero-size-narrow\" style=\"--hero-image-full: url('https:\/\/v2.alpenbrevet.ch\/wp-content\/uploads\/Alpenbrevet-Anreise.jpg'); --hero-image-aspect-ratio: 1.5005861664713; --hero-image-until-s: url('https:\/\/v2.alpenbrevet.ch\/wp-content\/uploads\/Alpenbrevet-Anreise-540x960.jpg'); --hero-image-until-s-2x: url('https:\/\/v2.alpenbrevet.ch\/wp-content\/uploads\/Alpenbrevet-Anreise-1080x1920.jpg'); --hero-image-until-sm: url('https:\/\/v2.alpenbrevet.ch\/wp-content\/uploads\/Alpenbrevet-Anreise-768x1365.jpg'); --hero-image-until-sm-2x: url('https:\/\/v2.alpenbrevet.ch\/wp-content\/uploads\/Alpenbrevet-Anreise-1536x2730.jpg'); --hero-image-until-md: url('https:\/\/v2.alpenbrevet.ch\/wp-content\/uploads\/Alpenbrevet-Anreise-992x558.jpg'); --hero-image-until-md-2x: url('https:\/\/v2.alpenbrevet.ch\/wp-content\/uploads\/Alpenbrevet-Anreise-1984x1116.jpg'); --hero-image-until-lg: url('https:\/\/v2.alpenbrevet.ch\/wp-content\/uploads\/Alpenbrevet-Anreise-1200x675.jpg'); --hero-image-until-lg-2x: url('https:\/\/v2.alpenbrevet.ch\/wp-content\/uploads\/Alpenbrevet-Anreise-2400x1350.jpg'); --hero-image-until-xl: url('https:\/\/v2.alpenbrevet.ch\/wp-content\/uploads\/Alpenbrevet-Anreise-1425x802.jpg'); --hero-image-until-xl-2x: url('https:\/\/v2.alpenbrevet.ch\/wp-content\/uploads\/Alpenbrevet-Anreise-2850x1604.jpg'); --hero-image-position: 50% 50%\"\n>\n\t<div class=\"hero-media\">\n\t\t<div class=\"hero-media-overlay\"><\/div>\n\t\t<div class=\"hero-content-wrapper\">\n\t\t\t<div class=\"hero-content\">\n\t\t\t\t<h1>Acc\u00e8s<\/h1>\n\n\t\t\t<\/div>\n\t\t<\/div>\n\t<\/div>\n<\/div><nav class=\"breadcrumb\" aria-label=\"Navigation en fil d&apos;Ariane\">\n\t<ol>\n\t\t<li>\n\t\t\t<a href=\"https:\/\/v2.alpenbrevet.ch\/fr\/\" class=\"breadcrumb-link\">Startseite<\/a>\n\t\t<\/li>\n\t\t<li>\n\t\t\t<a href=\"https:\/\/v2.alpenbrevet.ch\/fr\/services\/\" class=\"breadcrumb-link\">Services<\/a>\n\t\t<\/li>\n\t\t<li>\n\t\t\t<a href=\"https:\/\/v2.alpenbrevet.ch\/fr\/services\/acces\/\" class=\"breadcrumb-link\" aria-current=\"page\">Acc\u00e8s<\/a>\n\t\t<\/li>\n\t<\/ol>\n<\/nav><div  class=\"page-section style-default layout-default align-default\">\n\t<div class=\"section-grid grid-layout container\"><div  style=\"--grid-layout-index: 1\" class=\"section-item layout-default layout-margin-default\"><p>Pour un voyage sans encombre vers l&#8217;Alpenbrevet Swiss Cycling, nous offrons de nombreuses options pour atteindre facilement Andermatt et Ulrichen. Que ce soit par les transports publics ou en voiture, nous avons rassembl\u00e9 tous les d\u00e9tails pour une arriv\u00e9e sans stress. Profitez de nos connexions ferroviaires sp\u00e9ciales ou trouvez le meilleur itin\u00e9raire en voiture, y compris les options de stationnement.<\/p>\n\n<div class=\"accordion-wrapper\">\n\t<div class=\"accordion-group\">\n\n\n\n\n<div class=\"wpce-accordion accordion\" id=\"mit-den-ov-nach-andermatt\">\n\t<div class=\"accordion-heading-wrapper\" role=\"heading\" aria-level=\"3\">\n\t\t<button\n\t\t\ttype=\"button\"\n\t\t\tclass=\"accordion-heading\"\n\t\t\tid=\"accordion-header-400075db-1201-4933-beaa-c831f7bc5f11\"\n\t\t\taria-controls=\"accordion-content-400075db-1201-4933-beaa-c831f7bc5f11\"\n\t\t>\n\t\t\tMit den \u00d6V nach Andermatt\n\n\t\t\t<div class=\"accordion-icon-wrapper toggle-wrapper\">\n\t\t\t\t<svg class=\"toggle-icon\" width=\"22\" height=\"22\" viewBox=\"0 0 22 22\" xmlns=\"http:\/\/www.w3.org\/2000\/svg\">\n\t\t\t\t\t<g fill=\"currentColor\" fill-rule=\"evenodd\">\n\t\t\t\t\t\t<rect y=\"10\" width=\"22\" height=\"2\"><\/rect>\n\t\t\t\t\t\t<polygon class=\"toggle-icon-vertical\" points=\"12 0 12 22 10 22 10 0\"><\/polygon>\n\t\t\t\t\t<\/g>\n\t\t\t\t<\/svg>\n\t\t\t<\/div>\n\t\t<\/button>\n\t<\/div>\n\t<div\n\t\tclass=\"accordion-inner\"\n\t\tid=\"accordion-content-400075db-1201-4933-beaa-c831f7bc5f11\"\n\t\trole=\"region\"\n\t\taria-labelledby=\"accordion-header-400075db-1201-4933-beaa-c831f7bc5f11\"\n\t>\n<p>Se rendre \u00e0 Andermatt en transports publics<br \/>\nEn train jusqu\u2019\u00e0 G\u00f6schenen et de l\u00e0 avec connexion directe au Matterhorn Gotthard Bahn en 10 minutes jusqu\u2019\u00e0 Andermatt.<\/p>\n<h3>Remarque : V\u00e9los dans les transports publics<\/h3>\n<ul>\n<li>Charge d\u2019autod\u00e9chargage:\u00a0Dans le sac comme bagage \u00e0 main gratuit ou payant dans les zones de train marqu\u00e9es.<\/li>\n<li>Envoyer le velo: Il suffit de d\u00e9poser des v\u00e9los \u00e0 la gare et de les ramasser \u00e0 l\u2019arriv\u00e9e.<\/li>\n<\/ul>\n<h3>Train sp\u00e9cial Fiesch \u2013 Andermatt<\/h3>\n<p>Le train sp\u00e9cial de Fiesch \u00e0 Andermatt t\u2019emm\u00e8nera confortablement au d\u00e9part le samedi matin 7 septembre 2024. Plus d\u2019informations\u00a0ici.<\/p>\n\t<\/div>\n<\/div>\n\n\n\n\n<div class=\"wpce-accordion accordion\" id=\"se-rendre-a-andermatt-en-voiture\">\n\t<div class=\"accordion-heading-wrapper\" role=\"heading\" aria-level=\"3\">\n\t\t<button\n\t\t\ttype=\"button\"\n\t\t\tclass=\"accordion-heading\"\n\t\t\tid=\"accordion-header-fa021f3e-963d-46c3-a430-b3ba3564f3ce\"\n\t\t\taria-controls=\"accordion-content-fa021f3e-963d-46c3-a430-b3ba3564f3ce\"\n\t\t>\n\t\t\tSe rendre \u00e0 Andermatt en voiture\n\n\t\t\t<div class=\"accordion-icon-wrapper toggle-wrapper\">\n\t\t\t\t<svg class=\"toggle-icon\" width=\"22\" height=\"22\" viewBox=\"0 0 22 22\" xmlns=\"http:\/\/www.w3.org\/2000\/svg\">\n\t\t\t\t\t<g fill=\"currentColor\" fill-rule=\"evenodd\">\n\t\t\t\t\t\t<rect y=\"10\" width=\"22\" height=\"2\"><\/rect>\n\t\t\t\t\t\t<polygon class=\"toggle-icon-vertical\" points=\"12 0 12 22 10 22 10 0\"><\/polygon>\n\t\t\t\t\t<\/g>\n\t\t\t\t<\/svg>\n\t\t\t<\/div>\n\t\t<\/button>\n\t<\/div>\n\t<div\n\t\tclass=\"accordion-inner\"\n\t\tid=\"accordion-content-fa021f3e-963d-46c3-a430-b3ba3564f3ce\"\n\t\trole=\"region\"\n\t\taria-labelledby=\"accordion-header-fa021f3e-963d-46c3-a430-b3ba3564f3ce\"\n\t>\n<p>Sur l\u2019autoroute A2 jusqu\u2019\u00e0 la sortie de G\u00f6schenen et de l\u00e0 en environ 10 minutes apr\u00e8s Andermatt.<\/p>\n<p><strong>Parking payant \u00e0 Andermatt:<\/strong><br \/>\nEnviron 800 places de parking sont \u00e0 la disposition des participants de l\u2019Alpenbrevet sur les parkings\u00a0P1 et B\u00e4z\u00a0lors de l\u2019\u00e9v\u00e9nement.\u00a0(places de parking marqu\u00e9es en rouge sur le plan suivant). Ils sont payants toute la journ\u00e9e. Le ticket de parking doit \u00eatre achet\u00e9 sur place via l\u2019application\u00a0Parkingpay ou Twint.<\/p>\n<p>L\u2019application Parkingpay peut \u00eatre t\u00e9l\u00e9charg\u00e9e dans les principaux stores :<\/p>\n\n\n<div class=\"buttons\">\n\t<div class=\"button-group\">\n\n\t\t\t<a\n\t\t\t\thref=\"https:\/\/play.google.com\/store\/apps\/details?id=ch.parkingcard.customer\" class=\"button style-default with-arrow\"\n\t\t\t>\n\t\t\t\tGoogle Play Store\n\t\t\t<\/a>\n\n\t\t\t<a\n\t\t\t\thref=\"https:\/\/apps.apple.com\/ch\/app\/parkingpay\/id1104202443\" class=\"button style-default with-arrow\"\n\t\t\t>\n\t\t\t\tApple Store\n\t\t\t<\/a>\n\t<\/div>\n<\/div>\n\n\t\t<img loading=\"lazy\" decoding=\"async\" width=\"900\" height=\"342\" src=\"https:\/\/v2.alpenbrevet.ch\/wp-content\/uploads\/Parkplatztarife.png\" class=\"wpce-image\" alt=\"\" data-css-locator=\"\" srcset=\"https:\/\/v2.alpenbrevet.ch\/wp-content\/uploads\/Parkplatztarife.png 900w, https:\/\/v2.alpenbrevet.ch\/wp-content\/uploads\/Parkplatztarife-300x114.png 300w, https:\/\/v2.alpenbrevet.ch\/wp-content\/uploads\/Parkplatztarife-768x292.png 768w\" sizes=\"auto, (max-width: 900px) 100vw, 900px\" \/>\n\n\n\t\t<img loading=\"lazy\" decoding=\"async\" width=\"724\" height=\"1024\" src=\"https:\/\/v2.alpenbrevet.ch\/wp-content\/uploads\/Plan-Parking-Andermatt-AB-2024-724x1024.png\" class=\"wpce-image\" alt=\"\" data-css-locator=\"\" srcset=\"https:\/\/v2.alpenbrevet.ch\/wp-content\/uploads\/Plan-Parking-Andermatt-AB-2024-724x1024.png 724w, https:\/\/v2.alpenbrevet.ch\/wp-content\/uploads\/Plan-Parking-Andermatt-AB-2024-212x300.png 212w, https:\/\/v2.alpenbrevet.ch\/wp-content\/uploads\/Plan-Parking-Andermatt-AB-2024-768x1086.png 768w, https:\/\/v2.alpenbrevet.ch\/wp-content\/uploads\/Plan-Parking-Andermatt-AB-2024.png 794w\" sizes=\"auto, (max-width: 724px) 100vw, 724px\" \/>\n\t<\/div>\n<\/div>\n\n\n\n\n<div class=\"wpce-accordion accordion\" id=\"se-rendre-a-ulrichen-en-transports-publics\">\n\t<div class=\"accordion-heading-wrapper\" role=\"heading\" aria-level=\"3\">\n\t\t<button\n\t\t\ttype=\"button\"\n\t\t\tclass=\"accordion-heading\"\n\t\t\tid=\"accordion-header-b31484ef-e619-40e0-8a67-501e516ba260\"\n\t\t\taria-controls=\"accordion-content-b31484ef-e619-40e0-8a67-501e516ba260\"\n\t\t>\n\t\t\tSe rendre \u00e0 Ulrichen en transports publics\n\n\t\t\t<div class=\"accordion-icon-wrapper toggle-wrapper\">\n\t\t\t\t<svg class=\"toggle-icon\" width=\"22\" height=\"22\" viewBox=\"0 0 22 22\" xmlns=\"http:\/\/www.w3.org\/2000\/svg\">\n\t\t\t\t\t<g fill=\"currentColor\" fill-rule=\"evenodd\">\n\t\t\t\t\t\t<rect y=\"10\" width=\"22\" height=\"2\"><\/rect>\n\t\t\t\t\t\t<polygon class=\"toggle-icon-vertical\" points=\"12 0 12 22 10 22 10 0\"><\/polygon>\n\t\t\t\t\t<\/g>\n\t\t\t\t<\/svg>\n\t\t\t<\/div>\n\t\t<\/button>\n\t<\/div>\n\t<div\n\t\tclass=\"accordion-inner\"\n\t\tid=\"accordion-content-b31484ef-e619-40e0-8a67-501e516ba260\"\n\t\trole=\"region\"\n\t\taria-labelledby=\"accordion-header-b31484ef-e619-40e0-8a67-501e516ba260\"\n\t>\n<p>En train jusqu\u2019\u00e0 Vi\u00e8ge et de l\u00e0 avec la Matterhorn Gotthard Bahn jusqu\u2019\u00e0 Ulrichen ou par le tunnel de la Furka d\u2019Andermatt jusqu\u2019\u00e0 Ulrichen.S<\/p>\n<h3>Se rendre \u00e0 Ulrichen en voiture<\/h3>\n<p>Par le Grimsel-, la Furka ou le Nufenenpass, vous atteignez directement la vall\u00e9e de Conches. Ou de Vi\u00e8ge, suivre la route principale via Fiesch jusqu\u2019\u00e0 Ulrichen.<\/p>\n<p>A Ulrichen, des places de parking gratuit seront disponibles sur l\u2019a\u00e9rodrome d\u00e8s le samedi matin pour les participants au Alpenbrevet\u00a0(places de parking marqu\u00e9es en rouge sur le plan suivant).<\/p>\n\n\n\t\t<img loading=\"lazy\" decoding=\"async\" width=\"1024\" height=\"724\" src=\"https:\/\/v2.alpenbrevet.ch\/wp-content\/uploads\/Plan-Parking-Ulrichen-AB-2024-1-1024x724.png\" class=\"wpce-image\" alt=\"\" data-css-locator=\"\" srcset=\"https:\/\/v2.alpenbrevet.ch\/wp-content\/uploads\/Plan-Parking-Ulrichen-AB-2024-1-1024x724.png 1024w, https:\/\/v2.alpenbrevet.ch\/wp-content\/uploads\/Plan-Parking-Ulrichen-AB-2024-1-300x212.png 300w, https:\/\/v2.alpenbrevet.ch\/wp-content\/uploads\/Plan-Parking-Ulrichen-AB-2024-1-768x543.png 768w, https:\/\/v2.alpenbrevet.ch\/wp-content\/uploads\/Plan-Parking-Ulrichen-AB-2024-1.png 1123w\" sizes=\"auto, (max-width: 1024px) 100vw, 1024px\" \/>\n\t<\/div>\n<\/div>\n\t<\/div>\n<\/div>\n<\/div><\/div>\n<\/div>","protected":false},"excerpt":{"rendered":"<p>Acc\u00e8s Startseite Services Acc\u00e8s Pour un voyage sans encombre vers l&#8217;Alpenbrevet Swiss Cycling, nous offrons de nombreuses options pour atteindre facilement Andermatt et Ulrichen. Que ce soit par les transports publics ou en voiture, nous avons rassembl\u00e9 tous les d\u00e9tails pour une arriv\u00e9e sans stress. Profitez de nos connexions ferroviaires sp\u00e9ciales ou trouvez le meilleur [&hellip;]<\/p>\n","protected":false},"author":2,"featured_media":0,"parent":6518,"menu_order":0,"comment_status":"closed","ping_status":"closed","template":"","meta":{"_acf_changed":false,"inline_featured_image":false,"footnotes":""},"class_list":["post-6527","page","type-page","status-publish","hentry"],"acf":[],"_links":{"self":[{"href":"https:\/\/v2.alpenbrevet.ch\/fr\/wp-json\/wp\/v2\/pages\/6527","targetHints":{"allow":["GET"]}}],"collection":[{"href":"https:\/\/v2.alpenbrevet.ch\/fr\/wp-json\/wp\/v2\/pages"}],"about":[{"href":"https:\/\/v2.alpenbrevet.ch\/fr\/wp-json\/wp\/v2\/types\/page"}],"author":[{"embeddable":true,"href":"https:\/\/v2.alpenbrevet.ch\/fr\/wp-json\/wp\/v2\/users\/2"}],"replies":[{"embeddable":true,"href":"https:\/\/v2.alpenbrevet.ch\/fr\/wp-json\/wp\/v2\/comments?post=6527"}],"version-history":[{"count":3,"href":"https:\/\/v2.alpenbrevet.ch\/fr\/wp-json\/wp\/v2\/pages\/6527\/revisions"}],"predecessor-version":[{"id":8331,"href":"https:\/\/v2.alpenbrevet.ch\/fr\/wp-json\/wp\/v2\/pages\/6527\/revisions\/8331"}],"up":[{"embeddable":true,"href":"https:\/\/v2.alpenbrevet.ch\/fr\/wp-json\/wp\/v2\/pages\/6518"}],"wp:attachment":[{"href":"https:\/\/v2.alpenbrevet.ch\/fr\/wp-json\/wp\/v2\/media?parent=6527"}],"curies":[{"name":"wp","href":"https:\/\/api.w.org\/{rel}","templated":true}]}}