{"id":6535,"date":"2024-08-19T16:34:03","date_gmt":"2024-08-19T14:34:03","guid":{"rendered":"https:\/\/v2.alpenbrevet.ch\/services\/obergoms\/"},"modified":"2024-09-10T16:31:21","modified_gmt":"2024-09-10T14:31:21","slug":"obergoms","status":"publish","type":"page","link":"https:\/\/v2.alpenbrevet.ch\/fr\/services\/obergoms\/","title":{"rendered":"Obergoms"},"content":{"rendered":"<link data-name=\"until-s\" rel=\"preload\" as=\"style\" href=\"https:\/\/v2.alpenbrevet.ch\/wp-content\/uploads\/obergoms-alpenbrevet-v2.jpg\" media=\"(max-width: 539px) and (max-height: 303.75px) and (max-resolution: 1.999dppx)\">\n<link data-name=\"until-s@2x\" rel=\"preload\" as=\"style\" href=\"https:\/\/v2.alpenbrevet.ch\/wp-content\/uploads\/obergoms-alpenbrevet-v2.jpg\" media=\"(max-width: 539px) and (max-height: 303.75px) and (min-resolution: 2dppx)\">\n<link data-name=\"until-sm\" rel=\"preload\" as=\"style\" href=\"https:\/\/v2.alpenbrevet.ch\/wp-content\/uploads\/obergoms-alpenbrevet-v2.jpg\" media=\"(max-width: 767px) and (max-height: 432px) and (max-resolution: 1.999dppx)\">\n<link data-name=\"until-sm@2x\" rel=\"preload\" as=\"style\" href=\"https:\/\/v2.alpenbrevet.ch\/wp-content\/uploads\/obergoms-alpenbrevet-v2.jpg\" media=\"(max-width: 767px) and (max-height: 432px) and (min-resolution: 2dppx)\">\n<link data-name=\"until-md\" rel=\"preload\" as=\"style\" href=\"https:\/\/v2.alpenbrevet.ch\/wp-content\/uploads\/obergoms-alpenbrevet-v2-992x558.jpg\" media=\"(max-width: 991px) and (max-height: 558px) and (max-resolution: 1.999dppx)\">\n<link data-name=\"until-md@2x\" rel=\"preload\" as=\"style\" href=\"https:\/\/v2.alpenbrevet.ch\/wp-content\/uploads\/obergoms-alpenbrevet-v2-1984x1116.jpg\" media=\"(max-width: 991px) and (max-height: 558px) and (min-resolution: 2dppx)\">\n<link data-name=\"until-lg\" rel=\"preload\" as=\"style\" href=\"https:\/\/v2.alpenbrevet.ch\/wp-content\/uploads\/obergoms-alpenbrevet-v2.jpg\" media=\"(max-width: 1199px) and (max-height: 675px) and (max-resolution: 1.999dppx)\">\n<link data-name=\"until-lg@2x\" rel=\"preload\" as=\"style\" href=\"https:\/\/v2.alpenbrevet.ch\/wp-content\/uploads\/obergoms-alpenbrevet-v2.jpg\" media=\"(max-width: 1199px) and (max-height: 675px) and (min-resolution: 2dppx)\">\n<link data-name=\"until-xl\" rel=\"preload\" as=\"style\" href=\"https:\/\/v2.alpenbrevet.ch\/wp-content\/uploads\/obergoms-alpenbrevet-v2.jpg\" media=\"(max-width: 1424px) and (max-height: 801.5625px) and (max-resolution: 1.999dppx)\">\n<link data-name=\"until-xl@2x\" rel=\"preload\" as=\"style\" href=\"https:\/\/v2.alpenbrevet.ch\/wp-content\/uploads\/obergoms-alpenbrevet-v2.jpg\" media=\"(max-width: 1424px) and (max-height: 801.5625px) and (min-resolution: 2dppx)\">\n<link data-name=\"full\" rel=\"preload\" as=\"style\" href=\"https:\/\/v2.alpenbrevet.ch\/wp-content\/uploads\/obergoms-alpenbrevet-v2.jpg\" media=\"(min-width: 1425px)\">\n<div class=\"hero-section hero-is-image hero-align-end hero-size-narrow\" style=\"--hero-image-full: url('https:\/\/v2.alpenbrevet.ch\/wp-content\/uploads\/obergoms-alpenbrevet-v2.jpg'); --hero-image-aspect-ratio: 2.9583975346687; --hero-image-until-s: url('https:\/\/v2.alpenbrevet.ch\/wp-content\/uploads\/obergoms-alpenbrevet-v2.jpg'); --hero-image-until-s-2x: url('https:\/\/v2.alpenbrevet.ch\/wp-content\/uploads\/obergoms-alpenbrevet-v2.jpg'); --hero-image-until-sm: url('https:\/\/v2.alpenbrevet.ch\/wp-content\/uploads\/obergoms-alpenbrevet-v2.jpg'); --hero-image-until-sm-2x: url('https:\/\/v2.alpenbrevet.ch\/wp-content\/uploads\/obergoms-alpenbrevet-v2.jpg'); --hero-image-until-md: url('https:\/\/v2.alpenbrevet.ch\/wp-content\/uploads\/obergoms-alpenbrevet-v2-992x558.jpg'); --hero-image-until-md-2x: url('https:\/\/v2.alpenbrevet.ch\/wp-content\/uploads\/obergoms-alpenbrevet-v2-1984x1116.jpg'); --hero-image-until-lg: url('https:\/\/v2.alpenbrevet.ch\/wp-content\/uploads\/obergoms-alpenbrevet-v2.jpg'); --hero-image-until-lg-2x: url('https:\/\/v2.alpenbrevet.ch\/wp-content\/uploads\/obergoms-alpenbrevet-v2.jpg'); --hero-image-until-xl: url('https:\/\/v2.alpenbrevet.ch\/wp-content\/uploads\/obergoms-alpenbrevet-v2.jpg'); --hero-image-until-xl-2x: url('https:\/\/v2.alpenbrevet.ch\/wp-content\/uploads\/obergoms-alpenbrevet-v2.jpg'); --hero-image-position: 50% 50%\"\n>\n\t<div class=\"hero-media\">\n\t\t<div class=\"hero-media-overlay\"><\/div>\n\t\t<div class=\"hero-content-wrapper\">\n\t\t\t<div class=\"hero-content\">\n\t\t\t\t<h1>Obergoms<\/h1>\n\n\t\t\t<\/div>\n\t\t<\/div>\n\t<\/div>\n<\/div><nav class=\"breadcrumb\" aria-label=\"Navigation en fil d&apos;Ariane\">\n\t<ol>\n\t\t<li>\n\t\t\t<a href=\"https:\/\/v2.alpenbrevet.ch\/fr\/\" class=\"breadcrumb-link\">Startseite<\/a>\n\t\t<\/li>\n\t\t<li>\n\t\t\t<a href=\"https:\/\/v2.alpenbrevet.ch\/fr\/services\/\" class=\"breadcrumb-link\">Services<\/a>\n\t\t<\/li>\n\t\t<li>\n\t\t\t<a href=\"https:\/\/v2.alpenbrevet.ch\/fr\/services\/obergoms\/\" class=\"breadcrumb-link\" aria-current=\"page\">Obergoms<\/a>\n\t\t<\/li>\n\t<\/ol>\n<\/nav><div  class=\"page-section style-default layout-default align-default\">\n\t<div class=\"section-grid grid-layout container\"><div  style=\"--grid-layout-index: 1\" class=\"section-item layout-default layout-margin-default\"><h2>Le paradis du v\u00e9lo et de la bicyclette en vall\u00e9e de Conches<\/h2>\n<p>Ces derni\u00e8res ann\u00e9es, la vall\u00e9e de Conches s\u2019est impos\u00e9 comme un v\u00e9ritable eldorado pour les deux-roues. Les points de d\u00e9part ou d\u2019arriv\u00e9e des diff\u00e9rentes pistes cyclables et des circuits VTT sont pour la plupart accessibles par le train Matterhorn Gotthard ou les cars postaux. Tr\u00e8s populaire aupr\u00e8s des familles et des amateurs, la balade \u00e0 v\u00e9lo ou \u00e0 v\u00e9lo \u00e9lectrique le long du jeune Rh\u00f4ne est tr\u00e8s appr\u00e9ci\u00e9e. Les h\u00f4tels pour cyclistes et les magasins sp\u00e9cialis\u00e9s dans la vente de v\u00e9los offrent un service complet parfait. Les imposants paysages de montagne, la nature presque intacte et les villages pittoresques ravissent tous ceux qui recherchent l\u2019aventure par eux-m\u00eames ou qui participent \u00e0 des tours guid\u00e9s. Pour les v\u00e9los de course, les cols montagneux environnants, qui atteignent une altitude de 2500 m au-dessus du niveau de la mer, constituent un d\u00e9fi impressionnant. Les familles et les cyclistes amateurs se transforment \u00e9galement en v\u00e9ritables mangeurs d\u2019altitude sur les v\u00e9los \u00e9lectriques disponibles aussi \u00e0 la location \u00e0 la vall\u00e9e de Conches. <a href=\"http:\/\/www.obergoms.ch\/bike\">De nombreux circuits dans la r\u00e9gion attendent les v\u00e9t\u00e9tistes<\/a><\/p>\n<\/div><\/div>\n<\/div><div  id class=\"page-section style-default layout-default align-default\">\n\t<div class=\"section-grid grid-layout container\"><div  style=\"--grid-layout-index: 1; --col-xs: 12; --col-sm: 12; --col-md: 6; --col-lg: 6; --col-xl: 6\" class=\"section-item layout-default layout-margin-default\"><h3>H\u00e9bergements dans la r\u00e9gion<\/h3>\n<p><img loading=\"lazy\" decoding=\"async\" class=\"alignnone size-medium wp-image-5923\" src=\"https:\/\/v2.alpenbrevet.ch\/wp-content\/uploads\/Goms-Tourismus-300x150.png\" alt=\"\" width=\"300\" height=\"150\" srcset=\"https:\/\/v2.alpenbrevet.ch\/wp-content\/uploads\/Goms-Tourismus-300x150.png 300w, https:\/\/v2.alpenbrevet.ch\/wp-content\/uploads\/Goms-Tourismus-280x140.png 280w, https:\/\/v2.alpenbrevet.ch\/wp-content\/uploads\/Goms-Tourismus-140x70.png 140w, https:\/\/v2.alpenbrevet.ch\/wp-content\/uploads\/Goms-Tourismus.png 600w\" sizes=\"auto, (max-width: 300px) 100vw, 300px\" \/><\/p>\n<p>Obergoms Tourismus AG<br \/>\nFurkastrasse 617<br \/>\nCH-3985\u00a0M\u00fcnster<br \/>\nTel.: +41 27 974 68 68<br \/>\nMail:\u00a0<a href=\"mailto:tourismus@goms.ch\">tourismus@goms.ch<\/a><\/p>\n\n\n<div class=\"buttons\">\n\t<div class=\"button-group\">\n\n\t\t\t<a\n\t\t\t\thref=\"https:\/\/www.obergoms.ch\/\" target=\"_blank\" rel=\"noopener\" class=\"button style-default with-arrow\"\n\t\t\t>\n\t\t\t\tContinuer vers Obergoms-Tourisme\n\t\t\t<\/a>\n\t<\/div>\n<\/div><\/div><div  style=\"--grid-layout-index: 2; --col-xs: 12; --col-sm: 12; --col-md: 6; --col-lg: 6; --col-xl: 6\" class=\"section-item layout-default layout-margin-default\"><h3>Questions sur l&#8217;\u00e9v\u00e9nement<\/h3>\n<p>Swiss Cycling Alpenbrevet<br \/>\nMail:\u00a0<a href=\"mailto:info@alpenbrevet.ch\">info@alpenbrevet.ch<\/a><\/p>\n<\/div><\/div>\n<\/div>","protected":false},"excerpt":{"rendered":"<p>Obergoms Startseite Services Obergoms Le paradis du v\u00e9lo et de la bicyclette en vall\u00e9e de Conches Ces derni\u00e8res ann\u00e9es, la vall\u00e9e de Conches s\u2019est impos\u00e9 comme un v\u00e9ritable eldorado pour les deux-roues. Les points de d\u00e9part ou d\u2019arriv\u00e9e des diff\u00e9rentes pistes cyclables et des circuits VTT sont pour la plupart accessibles par le train Matterhorn [&hellip;]<\/p>\n","protected":false},"author":2,"featured_media":0,"parent":6518,"menu_order":0,"comment_status":"closed","ping_status":"closed","template":"","meta":{"_acf_changed":false,"inline_featured_image":false,"footnotes":""},"class_list":["post-6535","page","type-page","status-publish","hentry"],"acf":[],"_links":{"self":[{"href":"https:\/\/v2.alpenbrevet.ch\/fr\/wp-json\/wp\/v2\/pages\/6535","targetHints":{"allow":["GET"]}}],"collection":[{"href":"https:\/\/v2.alpenbrevet.ch\/fr\/wp-json\/wp\/v2\/pages"}],"about":[{"href":"https:\/\/v2.alpenbrevet.ch\/fr\/wp-json\/wp\/v2\/types\/page"}],"author":[{"embeddable":true,"href":"https:\/\/v2.alpenbrevet.ch\/fr\/wp-json\/wp\/v2\/users\/2"}],"replies":[{"embeddable":true,"href":"https:\/\/v2.alpenbrevet.ch\/fr\/wp-json\/wp\/v2\/comments?post=6535"}],"version-history":[{"count":2,"href":"https:\/\/v2.alpenbrevet.ch\/fr\/wp-json\/wp\/v2\/pages\/6535\/revisions"}],"predecessor-version":[{"id":8334,"href":"https:\/\/v2.alpenbrevet.ch\/fr\/wp-json\/wp\/v2\/pages\/6535\/revisions\/8334"}],"up":[{"embeddable":true,"href":"https:\/\/v2.alpenbrevet.ch\/fr\/wp-json\/wp\/v2\/pages\/6518"}],"wp:attachment":[{"href":"https:\/\/v2.alpenbrevet.ch\/fr\/wp-json\/wp\/v2\/media?parent=6535"}],"curies":[{"name":"wp","href":"https:\/\/api.w.org\/{rel}","templated":true}]}}