{"id":6539,"date":"2024-08-21T10:58:25","date_gmt":"2024-08-21T08:58:25","guid":{"rendered":"https:\/\/v2.alpenbrevet.ch\/services\/resultate-fotos\/"},"modified":"2024-08-22T08:42:29","modified_gmt":"2024-08-22T06:42:29","slug":"resultats-photos","status":"publish","type":"page","link":"https:\/\/v2.alpenbrevet.ch\/fr\/services\/resultats-photos\/","title":{"rendered":"R\u00e9sultats &#038; Photos"},"content":{"rendered":"<link data-name=\"until-s\" rel=\"preload\" as=\"style\" href=\"https:\/\/v2.alpenbrevet.ch\/wp-content\/uploads\/Resultate-und-Fotos-Alpenbrevet-540x960.jpg\" media=\"(max-width: 539px) and (max-height: 303.75px) and (max-resolution: 1.999dppx)\">\n<link data-name=\"until-s@2x\" rel=\"preload\" as=\"style\" href=\"https:\/\/v2.alpenbrevet.ch\/wp-content\/uploads\/Resultate-und-Fotos-Alpenbrevet-1080x1920.jpg\" media=\"(max-width: 539px) and (max-height: 303.75px) and (min-resolution: 2dppx)\">\n<link data-name=\"until-sm\" rel=\"preload\" as=\"style\" href=\"https:\/\/v2.alpenbrevet.ch\/wp-content\/uploads\/Resultate-und-Fotos-Alpenbrevet-768x1365.jpg\" media=\"(max-width: 767px) and (max-height: 432px) and (max-resolution: 1.999dppx)\">\n<link data-name=\"until-sm@2x\" rel=\"preload\" as=\"style\" href=\"https:\/\/v2.alpenbrevet.ch\/wp-content\/uploads\/Resultate-und-Fotos-Alpenbrevet-1536x2730.jpg\" media=\"(max-width: 767px) and (max-height: 432px) and (min-resolution: 2dppx)\">\n<link data-name=\"until-md\" rel=\"preload\" as=\"style\" href=\"https:\/\/v2.alpenbrevet.ch\/wp-content\/uploads\/Resultate-und-Fotos-Alpenbrevet-992x558.jpg\" media=\"(max-width: 991px) and (max-height: 558px) and (max-resolution: 1.999dppx)\">\n<link data-name=\"until-md@2x\" rel=\"preload\" as=\"style\" href=\"https:\/\/v2.alpenbrevet.ch\/wp-content\/uploads\/Resultate-und-Fotos-Alpenbrevet-1984x1116.jpg\" media=\"(max-width: 991px) and (max-height: 558px) and (min-resolution: 2dppx)\">\n<link data-name=\"until-lg\" rel=\"preload\" as=\"style\" href=\"https:\/\/v2.alpenbrevet.ch\/wp-content\/uploads\/Resultate-und-Fotos-Alpenbrevet-1200x675.jpg\" media=\"(max-width: 1199px) and (max-height: 675px) and (max-resolution: 1.999dppx)\">\n<link data-name=\"until-lg@2x\" rel=\"preload\" as=\"style\" href=\"https:\/\/v2.alpenbrevet.ch\/wp-content\/uploads\/Resultate-und-Fotos-Alpenbrevet-2400x1350.jpg\" media=\"(max-width: 1199px) and (max-height: 675px) and (min-resolution: 2dppx)\">\n<link data-name=\"until-xl\" rel=\"preload\" as=\"style\" href=\"https:\/\/v2.alpenbrevet.ch\/wp-content\/uploads\/Resultate-und-Fotos-Alpenbrevet-1425x802.jpg\" media=\"(max-width: 1424px) and (max-height: 801.5625px) and (max-resolution: 1.999dppx)\">\n<link data-name=\"until-xl@2x\" rel=\"preload\" as=\"style\" href=\"https:\/\/v2.alpenbrevet.ch\/wp-content\/uploads\/Resultate-und-Fotos-Alpenbrevet-2850x1604.jpg\" media=\"(max-width: 1424px) and (max-height: 801.5625px) and (min-resolution: 2dppx)\">\n<link data-name=\"full\" rel=\"preload\" as=\"style\" href=\"https:\/\/v2.alpenbrevet.ch\/wp-content\/uploads\/Resultate-und-Fotos-Alpenbrevet.jpg\" media=\"(min-width: 1425px)\">\n<div class=\"hero-section hero-is-image hero-align-end hero-size-narrow\" style=\"--hero-image-full: url('https:\/\/v2.alpenbrevet.ch\/wp-content\/uploads\/Resultate-und-Fotos-Alpenbrevet.jpg'); --hero-image-aspect-ratio: 1.5005861664713; --hero-image-until-s: url('https:\/\/v2.alpenbrevet.ch\/wp-content\/uploads\/Resultate-und-Fotos-Alpenbrevet-540x960.jpg'); --hero-image-until-s-2x: url('https:\/\/v2.alpenbrevet.ch\/wp-content\/uploads\/Resultate-und-Fotos-Alpenbrevet-1080x1920.jpg'); --hero-image-until-sm: url('https:\/\/v2.alpenbrevet.ch\/wp-content\/uploads\/Resultate-und-Fotos-Alpenbrevet-768x1365.jpg'); --hero-image-until-sm-2x: url('https:\/\/v2.alpenbrevet.ch\/wp-content\/uploads\/Resultate-und-Fotos-Alpenbrevet-1536x2730.jpg'); --hero-image-until-md: url('https:\/\/v2.alpenbrevet.ch\/wp-content\/uploads\/Resultate-und-Fotos-Alpenbrevet-992x558.jpg'); --hero-image-until-md-2x: url('https:\/\/v2.alpenbrevet.ch\/wp-content\/uploads\/Resultate-und-Fotos-Alpenbrevet-1984x1116.jpg'); --hero-image-until-lg: url('https:\/\/v2.alpenbrevet.ch\/wp-content\/uploads\/Resultate-und-Fotos-Alpenbrevet-1200x675.jpg'); --hero-image-until-lg-2x: url('https:\/\/v2.alpenbrevet.ch\/wp-content\/uploads\/Resultate-und-Fotos-Alpenbrevet-2400x1350.jpg'); --hero-image-until-xl: url('https:\/\/v2.alpenbrevet.ch\/wp-content\/uploads\/Resultate-und-Fotos-Alpenbrevet-1425x802.jpg'); --hero-image-until-xl-2x: url('https:\/\/v2.alpenbrevet.ch\/wp-content\/uploads\/Resultate-und-Fotos-Alpenbrevet-2850x1604.jpg'); --hero-image-position: 44.008662175168% 35.404624277457%\"\n>\n\t<div class=\"hero-media\">\n\t\t<div class=\"hero-media-overlay\"><\/div>\n\t\t<div class=\"hero-content-wrapper\">\n\t\t\t<div class=\"hero-content\">\n\t\t\t\t<h1>R\u00e9sultats &amp; Photos<\/h1>\n\n\t\t\t<\/div>\n\t\t<\/div>\n\t<\/div>\n<\/div><nav class=\"breadcrumb\" aria-label=\"Navigation en fil d&apos;Ariane\">\n\t<ol>\n\t\t<li>\n\t\t\t<a href=\"https:\/\/v2.alpenbrevet.ch\/fr\/\" class=\"breadcrumb-link\">Startseite<\/a>\n\t\t<\/li>\n\t\t<li>\n\t\t\t<a href=\"https:\/\/v2.alpenbrevet.ch\/fr\/services\/\" class=\"breadcrumb-link\">Services<\/a>\n\t\t<\/li>\n\t\t<li>\n\t\t\t<a href=\"https:\/\/v2.alpenbrevet.ch\/fr\/services\/resultats-photos\/\" class=\"breadcrumb-link\" aria-current=\"page\">R\u00e9sultats &amp; Photos<\/a>\n\t\t<\/li>\n\t<\/ol>\n<\/nav><div  id class=\"page-section style-default layout-default align-default\">\n\t<div class=\"section-grid grid-layout container\"><div  style=\"--grid-layout-index: 1; --col-xs: 12; --col-sm: 12; --col-md: 8; --col-lg: 8; --col-xl: 8\" class=\"section-item layout-default layout-margin-default\"><h2>R\u00e9sultats &amp; Archives<\/h2>\n<p>Trackmaxx est notre partenaire pour le chronom\u00e9trage lors de l&#8217;Alpenbrevet Swiss Cycling. Ann\u00e9e apr\u00e8s ann\u00e9e, Mike Schild et son \u00e9quipe veillent \u00e0 ce que le temps correct pour chaque performance soit pr\u00e9cis\u00e9ment enregistr\u00e9 sur la liste des finisseurs.<\/p>\n\n\n<div class=\"buttons\">\n\t<div class=\"button-group\">\n\n\t\t\t<a\n\t\t\t\thref=\"https:\/\/trackmaxx.ch\/results\/?race=AB23\" target=\"_blank\" rel=\"noopener\" class=\"button style-default with-arrow\"\n\t\t\t>\n\t\t\t\tR\u00e9sultats  2023\n\t\t\t<\/a>\n\n\t\t\t<a\n\t\t\t\thref=\"https:\/\/trackmaxx.ch\/results\/?race=AB22\" target=\"_blank\" rel=\"noopener\" class=\"button style-default with-arrow\"\n\t\t\t>\n\t\t\t\tR\u00e9sultats  2022\n\t\t\t<\/a>\n\n\t\t\t<a\n\t\t\t\thref=\"https:\/\/trackmaxx.ch\/results\/?race=AB21\" target=\"_blank\" rel=\"noopener\" class=\"button style-default with-arrow\"\n\t\t\t>\n\t\t\t\tR\u00e9sultats  2021\n\t\t\t<\/a>\n\n\t\t\t<a\n\t\t\t\thref=\"https:\/\/trackmaxx.ch\/results\/?race=AB19\" target=\"_blank\" rel=\"noopener\" class=\"button style-default with-arrow\"\n\t\t\t>\n\t\t\t\tR\u00e9sultats  2019\n\t\t\t<\/a>\n\t<\/div>\n<\/div><\/div><div  style=\"--grid-layout-index: 2; --col-xs: 12; --col-sm: 12; --col-md: 4; --col-lg: 4; --col-xl: 4\" class=\"section-item layout-default layout-margin-default\">\n\t\t<img loading=\"lazy\" decoding=\"async\" width=\"300\" height=\"300\" src=\"https:\/\/v2.alpenbrevet.ch\/wp-content\/uploads\/logofb2.png\" class=\"wpce-image\" alt=\"\" data-css-locator=\"\" srcset=\"https:\/\/v2.alpenbrevet.ch\/wp-content\/uploads\/logofb2.png 300w, https:\/\/v2.alpenbrevet.ch\/wp-content\/uploads\/logofb2-150x150.png 150w\" sizes=\"auto, (max-width: 300px) 100vw, 300px\" \/>\n<\/div><\/div>\n<\/div><div  id class=\"page-section style-default layout-default align-default\">\n\t<div class=\"section-grid grid-layout container\"><div  style=\"--grid-layout-index: 1; --col-xs: 12; --col-sm: 12; --col-md: 8; --col-lg: 8; --col-xl: 8\" class=\"section-item layout-default layout-margin-default\"><h2>Photos personnelles<\/h2>\n<p>Sportograf veille \u00e0 ce que notre \u00e9v\u00e9nement reste inoubliable. Avec ta photo personnelle de ta participation, tu peux accrocher ton souvenir chez toi au mur.<\/p>\n\n\n<div class=\"buttons\">\n\t<div class=\"button-group\">\n\n\t\t\t<a\n\t\t\t\thref=\"https:\/\/www.sportograf.com\/de\/event\/11873\" target=\"_blank\" rel=\"noopener\" class=\"button style-default with-arrow\"\n\t\t\t>\n\t\t\t\tPhotos 2024\n\t\t\t<\/a>\n\n\t\t\t<a\n\t\t\t\thref=\"https:\/\/www.sportograf.com\/de\/event\/9754\" target=\"_blank\" rel=\"noopener\" class=\"button style-default with-arrow\"\n\t\t\t>\n\t\t\t\tPhotos 2023\n\t\t\t<\/a>\n\n\t\t\t<a\n\t\t\t\thref=\"https:\/\/www.sportograf.com\/de\/event\/8314\" target=\"_blank\" rel=\"noopener\" class=\"button style-default with-arrow\"\n\t\t\t>\n\t\t\t\tPhotos 2022\n\t\t\t<\/a>\n\t<\/div>\n<\/div><\/div><div  style=\"--grid-layout-index: 2; --col-xs: 12; --col-sm: 12; --col-md: 4; --col-lg: 4; --col-xl: 4\" class=\"section-item layout-default layout-margin-default\">\n\t\t<img loading=\"lazy\" decoding=\"async\" width=\"300\" height=\"179\" src=\"https:\/\/v2.alpenbrevet.ch\/wp-content\/uploads\/sg-logo-new-no-text-1-300x179.png\" class=\"wpce-image\" alt=\"\" data-css-locator=\"\" srcset=\"https:\/\/v2.alpenbrevet.ch\/wp-content\/uploads\/sg-logo-new-no-text-1-300x179.png 300w, https:\/\/v2.alpenbrevet.ch\/wp-content\/uploads\/sg-logo-new-no-text-1.png 529w\" sizes=\"auto, (max-width: 300px) 100vw, 300px\" \/>\n<\/div><\/div>\n<\/div>","protected":false},"excerpt":{"rendered":"<p>R\u00e9sultats &amp; Photos Startseite Services R\u00e9sultats &amp; Photos R\u00e9sultats &amp; Archives Trackmaxx est notre partenaire pour le chronom\u00e9trage lors de l&#8217;Alpenbrevet Swiss Cycling. Ann\u00e9e apr\u00e8s ann\u00e9e, Mike Schild et son \u00e9quipe veillent \u00e0 ce que le temps correct pour chaque performance soit pr\u00e9cis\u00e9ment enregistr\u00e9 sur la liste des finisseurs. R\u00e9sultats 2023 R\u00e9sultats 2022 R\u00e9sultats 2021 [&hellip;]<\/p>\n","protected":false},"author":2,"featured_media":0,"parent":6518,"menu_order":0,"comment_status":"closed","ping_status":"closed","template":"","meta":{"_acf_changed":false,"inline_featured_image":false,"footnotes":""},"class_list":["post-6539","page","type-page","status-publish","hentry"],"acf":[],"_links":{"self":[{"href":"https:\/\/v2.alpenbrevet.ch\/fr\/wp-json\/wp\/v2\/pages\/6539","targetHints":{"allow":["GET"]}}],"collection":[{"href":"https:\/\/v2.alpenbrevet.ch\/fr\/wp-json\/wp\/v2\/pages"}],"about":[{"href":"https:\/\/v2.alpenbrevet.ch\/fr\/wp-json\/wp\/v2\/types\/page"}],"author":[{"embeddable":true,"href":"https:\/\/v2.alpenbrevet.ch\/fr\/wp-json\/wp\/v2\/users\/2"}],"replies":[{"embeddable":true,"href":"https:\/\/v2.alpenbrevet.ch\/fr\/wp-json\/wp\/v2\/comments?post=6539"}],"version-history":[{"count":1,"href":"https:\/\/v2.alpenbrevet.ch\/fr\/wp-json\/wp\/v2\/pages\/6539\/revisions"}],"predecessor-version":[{"id":6541,"href":"https:\/\/v2.alpenbrevet.ch\/fr\/wp-json\/wp\/v2\/pages\/6539\/revisions\/6541"}],"up":[{"embeddable":true,"href":"https:\/\/v2.alpenbrevet.ch\/fr\/wp-json\/wp\/v2\/pages\/6518"}],"wp:attachment":[{"href":"https:\/\/v2.alpenbrevet.ch\/fr\/wp-json\/wp\/v2\/media?parent=6539"}],"curies":[{"name":"wp","href":"https:\/\/api.w.org\/{rel}","templated":true}]}}