{"id":8292,"date":"2024-09-10T11:47:32","date_gmt":"2024-09-10T09:47:32","guid":{"rendered":"https:\/\/v2.alpenbrevet.ch\/services\/training\/"},"modified":"2024-09-10T16:04:46","modified_gmt":"2024-09-10T14:04:46","slug":"formation","status":"publish","type":"page","link":"https:\/\/v2.alpenbrevet.ch\/fr\/services\/formation\/","title":{"rendered":"Formation"},"content":{"rendered":"<link data-name=\"until-s\" rel=\"preload\" as=\"style\" href=\"https:\/\/v2.alpenbrevet.ch\/wp-content\/uploads\/11873_20240907_140033_399778718_original-540x960.jpg\" media=\"(max-width: 539px) and (max-height: 303.75px) and (max-resolution: 1.999dppx)\">\n<link data-name=\"until-s@2x\" rel=\"preload\" as=\"style\" href=\"https:\/\/v2.alpenbrevet.ch\/wp-content\/uploads\/11873_20240907_140033_399778718_original-1080x1920.jpg\" media=\"(max-width: 539px) and (max-height: 303.75px) and (min-resolution: 2dppx)\">\n<link data-name=\"until-sm\" rel=\"preload\" as=\"style\" href=\"https:\/\/v2.alpenbrevet.ch\/wp-content\/uploads\/11873_20240907_140033_399778718_original-768x1365.jpg\" media=\"(max-width: 767px) and (max-height: 432px) and (max-resolution: 1.999dppx)\">\n<link data-name=\"until-sm@2x\" rel=\"preload\" as=\"style\" href=\"https:\/\/v2.alpenbrevet.ch\/wp-content\/uploads\/11873_20240907_140033_399778718_original-1536x2730.jpg\" media=\"(max-width: 767px) and (max-height: 432px) and (min-resolution: 2dppx)\">\n<link data-name=\"until-md\" rel=\"preload\" as=\"style\" href=\"https:\/\/v2.alpenbrevet.ch\/wp-content\/uploads\/11873_20240907_140033_399778718_original-992x558.jpg\" media=\"(max-width: 991px) and (max-height: 558px) and (max-resolution: 1.999dppx)\">\n<link data-name=\"until-md@2x\" rel=\"preload\" as=\"style\" href=\"https:\/\/v2.alpenbrevet.ch\/wp-content\/uploads\/11873_20240907_140033_399778718_original-1984x1116.jpg\" media=\"(max-width: 991px) and (max-height: 558px) and (min-resolution: 2dppx)\">\n<link data-name=\"until-lg\" rel=\"preload\" as=\"style\" href=\"https:\/\/v2.alpenbrevet.ch\/wp-content\/uploads\/11873_20240907_140033_399778718_original-1200x675.jpg\" media=\"(max-width: 1199px) and (max-height: 675px) and (max-resolution: 1.999dppx)\">\n<link data-name=\"until-lg@2x\" rel=\"preload\" as=\"style\" href=\"https:\/\/v2.alpenbrevet.ch\/wp-content\/uploads\/11873_20240907_140033_399778718_original-2400x1350.jpg\" media=\"(max-width: 1199px) and (max-height: 675px) and (min-resolution: 2dppx)\">\n<link data-name=\"until-xl\" rel=\"preload\" as=\"style\" href=\"https:\/\/v2.alpenbrevet.ch\/wp-content\/uploads\/11873_20240907_140033_399778718_original-1425x802.jpg\" media=\"(max-width: 1424px) and (max-height: 801.5625px) and (max-resolution: 1.999dppx)\">\n<link data-name=\"until-xl@2x\" rel=\"preload\" as=\"style\" href=\"https:\/\/v2.alpenbrevet.ch\/wp-content\/uploads\/11873_20240907_140033_399778718_original-2850x1604.jpg\" media=\"(max-width: 1424px) and (max-height: 801.5625px) and (min-resolution: 2dppx)\">\n<link data-name=\"full\" rel=\"preload\" as=\"style\" href=\"https:\/\/v2.alpenbrevet.ch\/wp-content\/uploads\/11873_20240907_140033_399778718_original.jpg\" media=\"(min-width: 1425px)\">\n<div class=\"hero-section hero-is-image hero-align-end hero-size-narrow\" style=\"--hero-image-full: url('https:\/\/v2.alpenbrevet.ch\/wp-content\/uploads\/11873_20240907_140033_399778718_original.jpg'); --hero-image-aspect-ratio: 1.5005861664713; --hero-image-until-s: url('https:\/\/v2.alpenbrevet.ch\/wp-content\/uploads\/11873_20240907_140033_399778718_original-540x960.jpg'); --hero-image-until-s-2x: url('https:\/\/v2.alpenbrevet.ch\/wp-content\/uploads\/11873_20240907_140033_399778718_original-1080x1920.jpg'); --hero-image-until-sm: url('https:\/\/v2.alpenbrevet.ch\/wp-content\/uploads\/11873_20240907_140033_399778718_original-768x1365.jpg'); --hero-image-until-sm-2x: url('https:\/\/v2.alpenbrevet.ch\/wp-content\/uploads\/11873_20240907_140033_399778718_original-1536x2730.jpg'); --hero-image-until-md: url('https:\/\/v2.alpenbrevet.ch\/wp-content\/uploads\/11873_20240907_140033_399778718_original-992x558.jpg'); --hero-image-until-md-2x: url('https:\/\/v2.alpenbrevet.ch\/wp-content\/uploads\/11873_20240907_140033_399778718_original-1984x1116.jpg'); --hero-image-until-lg: url('https:\/\/v2.alpenbrevet.ch\/wp-content\/uploads\/11873_20240907_140033_399778718_original-1200x675.jpg'); --hero-image-until-lg-2x: url('https:\/\/v2.alpenbrevet.ch\/wp-content\/uploads\/11873_20240907_140033_399778718_original-2400x1350.jpg'); --hero-image-until-xl: url('https:\/\/v2.alpenbrevet.ch\/wp-content\/uploads\/11873_20240907_140033_399778718_original-1425x802.jpg'); --hero-image-until-xl-2x: url('https:\/\/v2.alpenbrevet.ch\/wp-content\/uploads\/11873_20240907_140033_399778718_original-2850x1604.jpg'); --hero-image-position: 50% 50%\"\n>\n\t<div class=\"hero-media\">\n\t\t<div class=\"hero-media-overlay\"><\/div>\n\t\t<div class=\"hero-content-wrapper\">\n\t\t\t<div class=\"hero-content\">\n\t\t\t\t<h1>Entra\u00eenement<\/h1>\n\n\t\t\t<\/div>\n\t\t<\/div>\n\t<\/div>\n<\/div><nav class=\"breadcrumb\" aria-label=\"Navigation en fil d&apos;Ariane\">\n\t<ol>\n\t\t<li>\n\t\t\t<a href=\"https:\/\/v2.alpenbrevet.ch\/fr\/\" class=\"breadcrumb-link\">Startseite<\/a>\n\t\t<\/li>\n\t\t<li>\n\t\t\t<a href=\"https:\/\/v2.alpenbrevet.ch\/fr\/services\/\" class=\"breadcrumb-link\">Services<\/a>\n\t\t<\/li>\n\t\t<li>\n\t\t\t<a href=\"https:\/\/v2.alpenbrevet.ch\/fr\/services\/formation\/\" class=\"breadcrumb-link\" aria-current=\"page\">Formation<\/a>\n\t\t<\/li>\n\t<\/ol>\n<\/nav><div  class=\"page-section style-default layout-default align-default\">\n\t<div class=\"section-grid grid-layout container\"><div  style=\"--grid-layout-index: 1\" class=\"section-item layout-default layout-margin-default\"><h2>Entra\u00eene-toi correctement &amp; atteins ton objectif \u00e0 Andermatt !<\/h2>\n<p>Tu es un cycliste passionn\u00e9 et tu souhaites te pr\u00e9parer parfaitement pour le brevet alpin 2025 ?<br \/>\nAlors nous avons l&#8217;offre id\u00e9ale pour toi ! Avec notre partenaire MY sport, tu b\u00e9n\u00e9ficieras d&#8217;un soutien professionnel dans les domaines de la planification de l&#8217;entra\u00eenement, du bikefitting et de la nutrition. Notre \u00e9quipe t&#8217;accompagnera jusqu&#8217;\u00e0 la ligne d&#8217;arriv\u00e9e \u00e0 Andermatt.<\/p>\n<\/div><\/div>\n<\/div>\n<div class=\"background style-light\">\n<div  id class=\"page-section style-default layout-default align-default\">\n\t<div class=\"section-grid grid-layout container\"><div  style=\"--grid-layout-index: 1; --col-xs: 12; --col-sm: 12; --col-md: 6; --col-lg: 6; --col-xl: 6\" class=\"section-item layout-default layout-margin-default\"><h3>Ton coach: Dan Aeschlimann<\/h3>\n<p>Dan Aeschlimann, fondateur de MY sport, est coach sportif professionnel depuis 2001. Auparavant, il a lui-m\u00eame parcouru les routes en tant que cycliste professionnel et sait ce qu&#8217;il faut pour atteindre de grands objectifs.<\/p>\n\n\n<div class=\"buttons\">\n\t<div class=\"button-group\">\n\n\t\t\t<a\n\t\t\t\thref=\"https:\/\/mysport.ch\/dan-aeschlimann\/\" class=\"button style-default with-arrow\"\n\t\t\t>\n\t\t\t\tSavoir plus\n\t\t\t<\/a>\n\t<\/div>\n<\/div><\/div><div  style=\"--grid-layout-index: 2; --col-xs: 12; --col-sm: 12; --col-md: 6; --col-lg: 6; --col-xl: 6\" class=\"section-item layout-default layout-margin-default\">\n<div class=\"youtube-video\">\n\t<iframe loading=\"lazy\" title=\"Schummeln am Alpenbrevet? - Alpenbrevet-Ride mit Dan Aeschlimann\" width=\"500\" height=\"281\" src=\"https:\/\/www.youtube.com\/embed\/erjSJH-D9Tc?start=27&#038;feature=oembed\" frameborder=\"0\" allow=\"accelerometer; autoplay; clipboard-write; encrypted-media; gyroscope; picture-in-picture; web-share\" referrerpolicy=\"strict-origin-when-cross-origin\" allowfullscreen><\/iframe>\n<\/div><\/div><\/div>\n<\/div><\/div><div  class=\"page-section style-default layout-default align-default\">\n\t<div class=\"section-grid grid-layout container\"><div  style=\"--grid-layout-index: 1\" class=\"section-item layout-default layout-margin-default\"><h3>Ce que tu dois savoir<\/h3>\n\n<div class=\"accordion-wrapper\">\n\t<div class=\"accordion-group\">\n\n\n\n\n<div class=\"wpce-accordion accordion\" id=\"comment-le-plan-dentrainement-est-il-structure\">\n\t<div class=\"accordion-heading-wrapper\" role=\"heading\" aria-level=\"3\">\n\t\t<button\n\t\t\ttype=\"button\"\n\t\t\tclass=\"accordion-heading\"\n\t\t\tid=\"accordion-header-4c1c7a5d-5438-4f6c-aa59-55849c600de4\"\n\t\t\taria-controls=\"accordion-content-4c1c7a5d-5438-4f6c-aa59-55849c600de4\"\n\t\t>\n\t\t\tComment le plan d&#8217;entra\u00eenement est-il structur\u00e9 ?\n\n\t\t\t<div class=\"accordion-icon-wrapper toggle-wrapper\">\n\t\t\t\t<svg class=\"toggle-icon\" width=\"22\" height=\"22\" viewBox=\"0 0 22 22\" xmlns=\"http:\/\/www.w3.org\/2000\/svg\">\n\t\t\t\t\t<g fill=\"currentColor\" fill-rule=\"evenodd\">\n\t\t\t\t\t\t<rect y=\"10\" width=\"22\" height=\"2\"><\/rect>\n\t\t\t\t\t\t<polygon class=\"toggle-icon-vertical\" points=\"12 0 12 22 10 22 10 0\"><\/polygon>\n\t\t\t\t\t<\/g>\n\t\t\t\t<\/svg>\n\t\t\t<\/div>\n\t\t<\/button>\n\t<\/div>\n\t<div\n\t\tclass=\"accordion-inner\"\n\t\tid=\"accordion-content-4c1c7a5d-5438-4f6c-aa59-55849c600de4\"\n\t\trole=\"region\"\n\t\taria-labelledby=\"accordion-header-4c1c7a5d-5438-4f6c-aa59-55849c600de4\"\n\t>\n<p>Notre programme d&#8217;entra\u00eenement pour le brevet alpin 2025 d\u00e9bute en octobre\/novembre et t&#8217;accompagne jusqu&#8217;\u00e0 l&#8217;\u00e9v\u00e9nement en septembre. Il comprend :<\/p>\n<ul>\n<li><strong>Entra\u00eenement hivernal<\/strong> : Entra\u00eenement de cyclisme en salle sur rouleau, combin\u00e9 avec un programme cibl\u00e9 de musculation et d&#8217;athl\u00e9tisme.<\/li>\n<li><strong>Entra\u00eenement printemps\/\u00e9t\u00e9<\/strong>: d\u00e8s que le temps le permet, les unit\u00e9s se d\u00e9placent \u00e0 l&#8217;ext\u00e9rieur. Nous te pr\u00e9parons aux cols alpins avec des sorties plus longues, qui seront entra\u00een\u00e9es plus intensivement en \u00e9t\u00e9, en fonction de ton parcours.<\/li>\n<li><strong>Des options compl\u00e9mentaires<\/strong> : Tu peux ajouter des entra\u00eenements de course \u00e0 pied, des entra\u00eenements de ski de fond ou des camps d&#8217;entra\u00eenement. De nombreux plans compl\u00e9mentaires sont disponibles pour toi.<\/li>\n<li><strong>Nutrition &amp; entra\u00eenement mental<\/strong> : ton plan d&#8217;entra\u00eenement int\u00e8gre \u00e9galement des conseils nutritionnels avec un apport \u00e9nerg\u00e9tique pr\u00e9cis lors des longues s\u00e9ances d&#8217;entra\u00eenement et une pr\u00e9paration mentale pour que ta concentration soit bonne en montagne.<\/li>\n<\/ul>\n\t<\/div>\n<\/div>\n\n\n\n\n<div class=\"wpce-accordion accordion\" id=\"controle-de-lintensite-de-lentrainement\">\n\t<div class=\"accordion-heading-wrapper\" role=\"heading\" aria-level=\"3\">\n\t\t<button\n\t\t\ttype=\"button\"\n\t\t\tclass=\"accordion-heading\"\n\t\t\tid=\"accordion-header-a4f070e3-2eba-45cf-9757-a7de0e31ce0a\"\n\t\t\taria-controls=\"accordion-content-a4f070e3-2eba-45cf-9757-a7de0e31ce0a\"\n\t\t>\n\t\t\tContr\u00f4le de l&#8217;intensit\u00e9 de l&#8217;entra\u00eenement\n\n\t\t\t<div class=\"accordion-icon-wrapper toggle-wrapper\">\n\t\t\t\t<svg class=\"toggle-icon\" width=\"22\" height=\"22\" viewBox=\"0 0 22 22\" xmlns=\"http:\/\/www.w3.org\/2000\/svg\">\n\t\t\t\t\t<g fill=\"currentColor\" fill-rule=\"evenodd\">\n\t\t\t\t\t\t<rect y=\"10\" width=\"22\" height=\"2\"><\/rect>\n\t\t\t\t\t\t<polygon class=\"toggle-icon-vertical\" points=\"12 0 12 22 10 22 10 0\"><\/polygon>\n\t\t\t\t\t<\/g>\n\t\t\t\t<\/svg>\n\t\t\t<\/div>\n\t\t<\/button>\n\t<\/div>\n\t<div\n\t\tclass=\"accordion-inner\"\n\t\tid=\"accordion-content-a4f070e3-2eba-45cf-9757-a7de0e31ce0a\"\n\t\trole=\"region\"\n\t\taria-labelledby=\"accordion-header-a4f070e3-2eba-45cf-9757-a7de0e31ce0a\"\n\t>\n<p dir=\"ltr\">Les plans d&#8217;entra\u00eenement sont flexibles et peuvent \u00eatre adapt\u00e9s \u00e0 ton budget-temps personnel :<\/p>\n<ul>\n<li dir=\"ltr\" role=\"presentation\"><strong>Bronze<\/strong>: volume d&#8217;entra\u00eenement minimal<\/li>\n<li dir=\"ltr\" role=\"presentation\"><strong>Silber:<\/strong>\u00a0Volume moyen<\/li>\n<li dir=\"ltr\" role=\"presentation\"><strong>Gold<\/strong>: Athl\u00e8tes avanc\u00e9s<\/li>\n<li dir=\"ltr\" role=\"presentation\"><strong>Platin<\/strong>: pr\u00e9paration la plus intensive pour une performance maximale<\/li>\n<\/ul>\n<p dir=\"ltr\">Tu peux passer d&#8217;un niveau \u00e0 l&#8217;autre \u00e0 tout moment et ainsi toujours choisir toi-m\u00eame les consignes d&#8217;entra\u00eenement appropri\u00e9es. Le profil m\u00e9tabolique est 100 % flexible et toutes les donn\u00e9es de diagnostic de performance peuvent \u00eatre enregistr\u00e9es et utilis\u00e9es pour l&#8217;entra\u00eenement.<\/p>\n<ul>\n<li dir=\"ltr\" role=\"presentation\">Plan d&#8217;entra\u00eenement personnalis\u00e9 avec indication de la fr\u00e9quence cardiaque et des watts<\/li>\n<li dir=\"ltr\" role=\"presentation\">Fonction journal d&#8217;entra\u00eenement &amp; monitoring<\/li>\n<li dir=\"ltr\" role=\"presentation\">Profil m\u00e9tabolique personnalisable<\/li>\n<li dir=\"ltr\" role=\"presentation\">Acc\u00e8s gratuit \u00e0 la plateforme d&#8217;entra\u00eenement Azum<\/li>\n<li dir=\"ltr\" role=\"presentation\">Assistance hotline par mail ou chat<\/li>\n<\/ul>\n<p dir=\"ltr\">Ton coach et son \u00e9quipe sont \u00e0 ta disposition et tu as la possibilit\u00e9 de r\u00e9server des r\u00e9unions en ligne gratuites pour en profiter davantage.<\/p>\n\t<\/div>\n<\/div>\n\n\n\n\n<div class=\"wpce-accordion accordion\" id=\"couts-periode-dessai\">\n\t<div class=\"accordion-heading-wrapper\" role=\"heading\" aria-level=\"3\">\n\t\t<button\n\t\t\ttype=\"button\"\n\t\t\tclass=\"accordion-heading\"\n\t\t\tid=\"accordion-header-7fd072f8-7567-4d82-be8c-5491fe09846c\"\n\t\t\taria-controls=\"accordion-content-7fd072f8-7567-4d82-be8c-5491fe09846c\"\n\t\t>\n\t\t\tCo\u00fbts &amp; p\u00e9riode d&#8217;essai\n\n\t\t\t<div class=\"accordion-icon-wrapper toggle-wrapper\">\n\t\t\t\t<svg class=\"toggle-icon\" width=\"22\" height=\"22\" viewBox=\"0 0 22 22\" xmlns=\"http:\/\/www.w3.org\/2000\/svg\">\n\t\t\t\t\t<g fill=\"currentColor\" fill-rule=\"evenodd\">\n\t\t\t\t\t\t<rect y=\"10\" width=\"22\" height=\"2\"><\/rect>\n\t\t\t\t\t\t<polygon class=\"toggle-icon-vertical\" points=\"12 0 12 22 10 22 10 0\"><\/polygon>\n\t\t\t\t\t<\/g>\n\t\t\t\t<\/svg>\n\t\t\t<\/div>\n\t\t<\/button>\n\t<\/div>\n\t<div\n\t\tclass=\"accordion-inner\"\n\t\tid=\"accordion-content-7fd072f8-7567-4d82-be8c-5491fe09846c\"\n\t\trole=\"region\"\n\t\taria-labelledby=\"accordion-header-7fd072f8-7567-4d82-be8c-5491fe09846c\"\n\t>\n<ul>\n<li dir=\"ltr\" role=\"presentation\"><strong>10 jours d&#8217;essai gratuit.<\/strong><\/li>\n<li dir=\"ltr\" role=\"presentation\">En tant que participant au brevet alpin inscrit, tu ne paieras que 45 CHF par mois (prix normal : 85 CHF).<\/li>\n<li dir=\"ltr\" role=\"presentation\">L&#8217;abonnement est automatiquement prolong\u00e9 chaque mois et peut \u00eatre r\u00e9sili\u00e9 \u00e0 tout moment \u00e0 la fin du mois.<\/li>\n<li dir=\"ltr\" role=\"presentation\">D&#8217;autres offres attrayantes t&#8217;attendent en outre lors de ton inscription \u00e0 Alpenbrevet.<\/li>\n<\/ul>\n\t<\/div>\n<\/div>\n\n\n\n\n<div class=\"wpce-accordion accordion\" id=\"choisis-le-plan-dentrainement-qui-te-convient\">\n\t<div class=\"accordion-heading-wrapper\" role=\"heading\" aria-level=\"3\">\n\t\t<button\n\t\t\ttype=\"button\"\n\t\t\tclass=\"accordion-heading\"\n\t\t\tid=\"accordion-header-f0a1e228-0e3c-46a9-899a-c6d46185fd83\"\n\t\t\taria-controls=\"accordion-content-f0a1e228-0e3c-46a9-899a-c6d46185fd83\"\n\t\t>\n\t\t\tChoisis le plan d&#8217;entra\u00eenement qui te convient\n\n\t\t\t<div class=\"accordion-icon-wrapper toggle-wrapper\">\n\t\t\t\t<svg class=\"toggle-icon\" width=\"22\" height=\"22\" viewBox=\"0 0 22 22\" xmlns=\"http:\/\/www.w3.org\/2000\/svg\">\n\t\t\t\t\t<g fill=\"currentColor\" fill-rule=\"evenodd\">\n\t\t\t\t\t\t<rect y=\"10\" width=\"22\" height=\"2\"><\/rect>\n\t\t\t\t\t\t<polygon class=\"toggle-icon-vertical\" points=\"12 0 12 22 10 22 10 0\"><\/polygon>\n\t\t\t\t\t<\/g>\n\t\t\t\t<\/svg>\n\t\t\t<\/div>\n\t\t<\/button>\n\t<\/div>\n\t<div\n\t\tclass=\"accordion-inner\"\n\t\tid=\"accordion-content-f0a1e228-0e3c-46a9-899a-c6d46185fd83\"\n\t\trole=\"region\"\n\t\taria-labelledby=\"accordion-header-f0a1e228-0e3c-46a9-899a-c6d46185fd83\"\n\t>\n<ol>\n<li><strong>Plan d&#8217;entra\u00eenement Platin<\/strong><br \/>\n5-7 s\u00e9ances de v\u00e9lo\/semaine + 2 s\u00e9ances de musculation et d&#8217;athl\u00e9tisme.<br \/>\nObjectif : puissance au seuil sup\u00e9rieure \u00e0 4 watts\/kg &amp; 267 km\/7000 m\u00e8tres de d\u00e9nivel\u00e9 en un temps record.<\/li>\n<li><strong>Plan d&#8217;entra\u00eenement Gold<\/strong><br \/>\n4 s\u00e9ances de v\u00e9lo\/semaine + 2 s\u00e9ances de musculation et d&#8217;athl\u00e9tisme.<br \/>\nObjectif : entra\u00eenement exigeant pour les athl\u00e8tes exp\u00e9riment\u00e9s.<\/li>\n<li><strong>Plan d&#8217;entra\u00eenement Silber<\/strong><br \/>\n3 s\u00e9ances de v\u00e9lo\/semaine + 1 s\u00e9ance d&#8217;athl\u00e9tisme.<br \/>\nOptimal pour les coureurs exp\u00e9riment\u00e9s et connaissant leurs valeurs de watts.<\/li>\n<li><strong>Plan d&#8217;entra\u00eenement Bronze<\/strong><br \/>\n2 s\u00e9ances de v\u00e9lo\/semaine + 1 s\u00e9ance d&#8217;athl\u00e9tisme.<br \/>\nD\u00e9veloppement en douceur pour atteindre l&#8217;objectif d&#8217;Andermatt avec plaisir.<\/li>\n<\/ol>\n\t<\/div>\n<\/div>\t<\/div>\n<\/div>\n\n<h3 dir=\"ltr\">Pr\u00eat pour le brevet alpin 2025 ?<\/h3>\n<p dir=\"ltr\">Inscris-toi d\u00e8s aujourd&#8217;hui et commence ta pr\u00e9paration avec l&#8217;\u00e9quipe MY sport! Les plans d&#8217;entra\u00eenement sont disponibles en allemand et en anglais.<\/p>\n\n\n<div class=\"partner-grid-wrapper grid-layout\" data-style=\"minimal\">\n\n\t\t<div class=\"partner\">\n\t\t\t\t<div class=\"partner-category\">\n\t\t\t\t\tSupplier\n\t\t\t\t<\/div>\n\n\n\n\t<a class=\"box is-external partner-box can-hover \" href=\"https:\/\/mysport.ch\/\" target=\"_blank\" rel=\"noopener\"\n\t>\n\t\t<div class=\"box-image\"><img loading=\"lazy\" decoding=\"async\" width=\"160\" height=\"80\" src=\"https:\/\/v2.alpenbrevet.ch\/wp-content\/uploads\/My-Sport-160x80.png\" class=\"attachment-partner-grid-logo--minimal size-partner-grid-logo--minimal wp-post-image\" alt=\"\" srcset=\"https:\/\/v2.alpenbrevet.ch\/wp-content\/uploads\/My-Sport-160x80.png 160w, https:\/\/v2.alpenbrevet.ch\/wp-content\/uploads\/My-Sport-300x150.png 300w, https:\/\/v2.alpenbrevet.ch\/wp-content\/uploads\/My-Sport-280x140.png 280w, https:\/\/v2.alpenbrevet.ch\/wp-content\/uploads\/My-Sport-140x70.png 140w, https:\/\/v2.alpenbrevet.ch\/wp-content\/uploads\/My-Sport-320x160.png 320w, https:\/\/v2.alpenbrevet.ch\/wp-content\/uploads\/My-Sport.png 600w\" sizes=\"auto, (max-width: 160px) 100vw, 160px\" \/><\/div>\n\t<\/a>\n\n\t\t<\/div>\n<\/div>\n<\/div><\/div>\n<\/div>","protected":false},"excerpt":{"rendered":"<p>Entra\u00eenement Startseite Services Formation Entra\u00eene-toi correctement &amp; atteins ton objectif \u00e0 Andermatt ! Tu es un cycliste passionn\u00e9 et tu souhaites te pr\u00e9parer parfaitement pour le brevet alpin 2025 ? Alors nous avons l&#8217;offre id\u00e9ale pour toi ! Avec notre partenaire MY sport, tu b\u00e9n\u00e9ficieras d&#8217;un soutien professionnel dans les domaines de la planification de [&hellip;]<\/p>\n","protected":false},"author":2,"featured_media":0,"parent":6518,"menu_order":0,"comment_status":"closed","ping_status":"closed","template":"","meta":{"_acf_changed":false,"inline_featured_image":false,"footnotes":""},"class_list":["post-8292","page","type-page","status-publish","hentry"],"acf":[],"_links":{"self":[{"href":"https:\/\/v2.alpenbrevet.ch\/fr\/wp-json\/wp\/v2\/pages\/8292","targetHints":{"allow":["GET"]}}],"collection":[{"href":"https:\/\/v2.alpenbrevet.ch\/fr\/wp-json\/wp\/v2\/pages"}],"about":[{"href":"https:\/\/v2.alpenbrevet.ch\/fr\/wp-json\/wp\/v2\/types\/page"}],"author":[{"embeddable":true,"href":"https:\/\/v2.alpenbrevet.ch\/fr\/wp-json\/wp\/v2\/users\/2"}],"replies":[{"embeddable":true,"href":"https:\/\/v2.alpenbrevet.ch\/fr\/wp-json\/wp\/v2\/comments?post=8292"}],"version-history":[{"count":2,"href":"https:\/\/v2.alpenbrevet.ch\/fr\/wp-json\/wp\/v2\/pages\/8292\/revisions"}],"predecessor-version":[{"id":8298,"href":"https:\/\/v2.alpenbrevet.ch\/fr\/wp-json\/wp\/v2\/pages\/8292\/revisions\/8298"}],"up":[{"embeddable":true,"href":"https:\/\/v2.alpenbrevet.ch\/fr\/wp-json\/wp\/v2\/pages\/6518"}],"wp:attachment":[{"href":"https:\/\/v2.alpenbrevet.ch\/fr\/wp-json\/wp\/v2\/media?parent=8292"}],"curies":[{"name":"wp","href":"https:\/\/api.w.org\/{rel}","templated":true}]}}